{"id":6030,"date":"2019-01-27T13:49:00","date_gmt":"2019-01-27T12:49:00","guid":{"rendered":"http:\/\/fengshuifocus.com.sg\/?post_type=product&#038;p=6030"},"modified":"2024-02-28T23:00:29","modified_gmt":"2024-02-28T22:00:29","slug":"happy-laughing-buddha","status":"publish","type":"product","link":"https:\/\/fengshuifocus.com.sg\/de\/shop\/feng-shui-art\/happy-laughing-buddha\/","title":{"rendered":"Happy Laughing Buddha"},"content":{"rendered":"<p>Louise Hill describes her Happy Laughing Buddha as follows:<br \/>\nMy Happy Laughing Buddha design was inspired by the many temples I have visited over the years, and the joyful little Buddhas I have found within them \u2013 I love their smiley faces and rounded bellies. I added a local HK temple to the background, and the photo of pretty pink Lotus votive candles was taken by my Father on his travels through Asia. The row of Buddhas at the bottom of my design was found at the historical Tian Tan Big Buddha site on Lantau Island HK. The oranges are a symbol of good fortune, especially at Chinese New Year, and the old lantern depicts a \u201cWelcome\u201d message.<\/p>\n<p style=\"text-align: justify;\">Prints available in 100% Cotton Canvas or as Fine Art Prints on 310gsm German Hahnemuhle Etching Paper.<\/p>\n<p style=\"text-align: justify;\">Three different sizes available.<\/p>\n<p>&nbsp;<\/p>\n<h5>The Louise Hill Connection:<\/h5>\n<p style=\"text-align: justify;\">I have been seeing Louise Hill\u2019s artwork on social media and admired it at a number of fairs here in Singapore. Her artwork is very detailed, bringing together lots of Asian scenes, symbols and images. When I discovered her \u201cHappy Laughing Buddha\u201d piece I felt he was a perfect addition to my carefully selected collection of \u201cFeng Shui Art\u201d and I am delighted to have Louise\u2019s permission to introduce him to you.<\/p>\n<p>&nbsp;<\/p>\n<h5>The Feng Shui Connection:<\/h5>\n<p style=\"text-align: justify;\">The Laughing Buddha is a well-loved Feng Shui symbol and will be a wonderful addition to any home. He removes all your worries and his smile is so infectuous, you won\u2019t be able to help yourself and smile back at him!<\/p>\n<p style=\"text-align: justify;\">The \u201cHappy Laughing Buddha\u201d also helps to suppress conflict energy and brings peace and happiness to you and your home. He can help anyone who is entangled in angry situations with colleagues, superiors, family members, or who is a victim of court cases.<\/p>\n<p><strong>In 2024, the Laughing Buddha is particularly helpful in the following situations (but not to be hung in a bedroom):<\/strong><\/p>\n<ul>\n<li><strong>In the CENTRE area to counter the annual No 3 Quarrelsome Star.<\/strong><\/li>\n<li><strong>Facing your main entrance to prevent negative energies from entering. <\/strong><\/li>\n<\/ul>\n<span class=\"\" style=\"display:block;clear:both;height: 0px;padding-top: 20px;border-top-width:0px;border-bottom-width:0px;\"><\/span>\n<p><a href=\"https:\/\/www.louise-hill-design.com\/\"><img loading=\"lazy\" decoding=\"async\" class=\"aligncenter wp-image-8118 size-full\" src=\"https:\/\/fengshuifocus.com.sg\/wp-content\/uploads\/2020\/04\/Louise-Hill-Design-LOGO-FOR-EMAIL-USE.jpg\" alt=\"Louise-Hill-Design-LOGO\" width=\"216\" height=\"129\" srcset=\"https:\/\/fengshuifocus.com.sg\/wp-content\/uploads\/2020\/04\/Louise-Hill-Design-LOGO-FOR-EMAIL-USE.jpg 216w, https:\/\/fengshuifocus.com.sg\/wp-content\/uploads\/2020\/04\/Louise-Hill-Design-LOGO-FOR-EMAIL-USE-200x119.jpg 200w, https:\/\/fengshuifocus.com.sg\/wp-content\/uploads\/2020\/04\/Louise-Hill-Design-LOGO-FOR-EMAIL-USE-150x90.jpg 150w\" sizes=\"auto, (max-width: 216px) 100vw, 216px\" \/><\/a><\/p>\n","protected":false},"excerpt":{"rendered":"<p style=\"text-align: justify;\">The Laughing Buddha is a well-loved Feng Shui symbol and will be a wonderful addition to any home. He removes all your worries and his smile is so infectious, you won\u2019t be able to help yourself and smile back at him!<\/p>\n<p style=\"text-align: justify;\">The \u201cHappy Laughing Buddha\u201d also helps to suppress conflict energy and brings peace and happiness to you and your home. He can help anyone who is entangled in angry situations with colleagues, superiors, family members, or who is a victim of court cases.<\/p>\n[spacer height=\"20px\"]\n<p><strong>From S$440.00<\/strong><\/p>\n<p><span style=\"color: #c72c00;\">Please note that the \u201cBUY PRODUCT\u201d button will take you straight to Louise Hill\u2019s website where you can purchase the artwork.<\/span><\/p>\n","protected":false},"featured_media":6031,"template":"","meta":{"kt_blocks_editor_width":"","_monsterinsights_skip_tracking":false,"_monsterinsights_sitenote_active":false,"_monsterinsights_sitenote_note":"","_monsterinsights_sitenote_category":0},"product_brand":[],"product_cat":[66],"product_tag":[532,536,529,534,535,561,389,543,390,512,527,406],"class_list":{"0":"post-6030","1":"product","2":"type-product","3":"status-publish","4":"has-post-thumbnail","6":"product_cat-feng-shui-art","7":"product_tag-art","8":"product_tag-buddha","9":"product_tag-calmness","10":"product_tag-dining-room","11":"product_tag-foyer","12":"product_tag-laughing-buddha","13":"product_tag-living-room","14":"product_tag-louise-hill","15":"product_tag-office","16":"product_tag-peace","17":"product_tag-singapore","18":"product_tag-wisdom","20":"first","21":"instock","22":"shipping-taxable","23":"product-type-external"},"translation":{"provider":"WPGlobus","version":"3.0.0","language":"de","enabled_languages":["en","de"],"languages":{"en":{"title":true,"content":true,"excerpt":true},"de":{"title":false,"content":false,"excerpt":false}}},"yoast_head":"<!-- This site is optimized with the Yoast SEO plugin v26.4 - https:\/\/yoast.com\/wordpress\/plugins\/seo\/ -->\n<title>Happy Laughing Buddha &#8212; Feng Shui Focus<\/title>\n<meta name=\"robots\" content=\"index, follow, max-snippet:-1, max-image-preview:large, max-video-preview:-1\" \/>\n<link rel=\"canonical\" href=\"http:\/\/fengshuifocus.com.sg\/shop\/feng-shui-art\/happy-laughing-buddha\/\" \/>\n<meta property=\"og:locale\" content=\"de_DE\" \/>\n<meta property=\"og:type\" content=\"article\" \/>\n<meta property=\"og:title\" content=\"Happy Laughing Buddha &#8212; Feng Shui Focus\" \/>\n<meta property=\"og:url\" content=\"http:\/\/fengshuifocus.com.sg\/shop\/feng-shui-art\/happy-laughing-buddha\/\" \/>\n<meta property=\"og:site_name\" content=\"Feng Shui Focus\" \/>\n<meta property=\"article:publisher\" content=\"https:\/\/www.facebook.com\/Feng-Shui-Focus-176469115722739\/?hc_ref=ARQeIaM_dqGJoG1GyHcEnC9wqA9DE2VYU7MZosxhMrw4oVdQfkxNRxrsDKl-F7yxicA\" \/>\n<meta property=\"article:modified_time\" content=\"2024-02-28T22:00:29+00:00\" \/>\n<meta property=\"og:image\" content=\"http:\/\/fengshuifocus.com.sg\/wp-content\/uploads\/2018\/01\/Happy-Laughing-Buddha-e1517240192478.jpeg\" \/>\n\t<meta property=\"og:image:width\" content=\"456\" \/>\n\t<meta property=\"og:image:height\" content=\"456\" \/>\n\t<meta property=\"og:image:type\" content=\"image\/jpeg\" \/>\n<meta name=\"twitter:card\" content=\"summary_large_image\" \/>\n<meta name=\"twitter:site\" content=\"@FengShuiFocus\" \/>\n<meta name=\"twitter:label1\" content=\"Gesch\u00e4tzte Lesezeit\" \/>\n\t<meta name=\"twitter:data1\" content=\"2\u00a0Minuten\" \/>\n<script type=\"application\/ld+json\" class=\"yoast-schema-graph\">{\"@context\":\"https:\/\/schema.org\",\"@graph\":[{\"@type\":\"WebPage\",\"@id\":\"http:\/\/fengshuifocus.com.sg\/shop\/feng-shui-art\/happy-laughing-buddha\/\",\"url\":\"http:\/\/fengshuifocus.com.sg\/shop\/feng-shui-art\/happy-laughing-buddha\/\",\"name\":\"Happy Laughing Buddha &#8212; Feng Shui Focus\",\"isPartOf\":{\"@id\":\"https:\/\/fengshuifocus.com.sg\/de\/#website\"},\"primaryImageOfPage\":{\"@id\":\"http:\/\/fengshuifocus.com.sg\/shop\/feng-shui-art\/happy-laughing-buddha\/#primaryimage\"},\"image\":{\"@id\":\"http:\/\/fengshuifocus.com.sg\/shop\/feng-shui-art\/happy-laughing-buddha\/#primaryimage\"},\"thumbnailUrl\":\"https:\/\/fengshuifocus.com.sg\/wp-content\/uploads\/2018\/01\/Happy-Laughing-Buddha-e1517240192478.jpeg\",\"datePublished\":\"2019-01-27T12:49:00+00:00\",\"dateModified\":\"2024-02-28T22:00:29+00:00\",\"breadcrumb\":{\"@id\":\"http:\/\/fengshuifocus.com.sg\/shop\/feng-shui-art\/happy-laughing-buddha\/#breadcrumb\"},\"inLanguage\":\"de\",\"potentialAction\":[{\"@type\":\"ReadAction\",\"target\":[\"http:\/\/fengshuifocus.com.sg\/shop\/feng-shui-art\/happy-laughing-buddha\/\"]}]},{\"@type\":\"ImageObject\",\"inLanguage\":\"de\",\"@id\":\"http:\/\/fengshuifocus.com.sg\/shop\/feng-shui-art\/happy-laughing-buddha\/#primaryimage\",\"url\":\"https:\/\/fengshuifocus.com.sg\/wp-content\/uploads\/2018\/01\/Happy-Laughing-Buddha-e1517240192478.jpeg\",\"contentUrl\":\"https:\/\/fengshuifocus.com.sg\/wp-content\/uploads\/2018\/01\/Happy-Laughing-Buddha-e1517240192478.jpeg\",\"width\":456,\"height\":456,\"caption\":\"Happy Laughing Buddha\"},{\"@type\":\"BreadcrumbList\",\"@id\":\"http:\/\/fengshuifocus.com.sg\/shop\/feng-shui-art\/happy-laughing-buddha\/#breadcrumb\",\"itemListElement\":[{\"@type\":\"ListItem\",\"position\":1,\"name\":\"Home\",\"item\":\"https:\/\/fengshuifocus.com.sg\/\"},{\"@type\":\"ListItem\",\"position\":2,\"name\":\"Feng Shui Focus Online Shop\",\"item\":\"https:\/\/fengshuifocus.com.sg\/de\/shop\/\"},{\"@type\":\"ListItem\",\"position\":3,\"name\":\"Happy Laughing Buddha\"}]},{\"@type\":\"WebSite\",\"@id\":\"https:\/\/fengshuifocus.com.sg\/de\/#website\",\"url\":\"https:\/\/fengshuifocus.com.sg\/de\/\",\"name\":\"Feng Shui Focus\",\"description\":\"Praktische L\u00f6sungen f\u00fcr das moderne Zuhause und B\u00fcro\",\"potentialAction\":[{\"@type\":\"SearchAction\",\"target\":{\"@type\":\"EntryPoint\",\"urlTemplate\":\"https:\/\/fengshuifocus.com.sg\/de\/?s={search_term_string}\"},\"query-input\":{\"@type\":\"PropertyValueSpecification\",\"valueRequired\":true,\"valueName\":\"search_term_string\"}}],\"inLanguage\":\"de\"}]}<\/script>\n<!-- \/ Yoast SEO plugin. -->","yoast_head_json":{"title":"Happy Laughing Buddha &#8212; Feng Shui Focus","robots":{"index":"index","follow":"follow","max-snippet":"max-snippet:-1","max-image-preview":"max-image-preview:large","max-video-preview":"max-video-preview:-1"},"canonical":"http:\/\/fengshuifocus.com.sg\/shop\/feng-shui-art\/happy-laughing-buddha\/","og_locale":"de_DE","og_type":"article","og_title":"Happy Laughing Buddha &#8212; Feng Shui Focus","og_url":"http:\/\/fengshuifocus.com.sg\/shop\/feng-shui-art\/happy-laughing-buddha\/","og_site_name":"Feng Shui Focus","article_publisher":"https:\/\/www.facebook.com\/Feng-Shui-Focus-176469115722739\/?hc_ref=ARQeIaM_dqGJoG1GyHcEnC9wqA9DE2VYU7MZosxhMrw4oVdQfkxNRxrsDKl-F7yxicA","article_modified_time":"2024-02-28T22:00:29+00:00","og_image":[{"width":456,"height":456,"url":"http:\/\/fengshuifocus.com.sg\/wp-content\/uploads\/2018\/01\/Happy-Laughing-Buddha-e1517240192478.jpeg","type":"image\/jpeg"}],"twitter_card":"summary_large_image","twitter_site":"@FengShuiFocus","twitter_misc":{"Gesch\u00e4tzte Lesezeit":"2\u00a0Minuten"},"schema":{"@context":"https:\/\/schema.org","@graph":[{"@type":"WebPage","@id":"http:\/\/fengshuifocus.com.sg\/shop\/feng-shui-art\/happy-laughing-buddha\/","url":"http:\/\/fengshuifocus.com.sg\/shop\/feng-shui-art\/happy-laughing-buddha\/","name":"Happy Laughing Buddha &#8212; Feng Shui Focus","isPartOf":{"@id":"https:\/\/fengshuifocus.com.sg\/de\/#website"},"primaryImageOfPage":{"@id":"http:\/\/fengshuifocus.com.sg\/shop\/feng-shui-art\/happy-laughing-buddha\/#primaryimage"},"image":{"@id":"http:\/\/fengshuifocus.com.sg\/shop\/feng-shui-art\/happy-laughing-buddha\/#primaryimage"},"thumbnailUrl":"https:\/\/fengshuifocus.com.sg\/wp-content\/uploads\/2018\/01\/Happy-Laughing-Buddha-e1517240192478.jpeg","datePublished":"2019-01-27T12:49:00+00:00","dateModified":"2024-02-28T22:00:29+00:00","breadcrumb":{"@id":"http:\/\/fengshuifocus.com.sg\/shop\/feng-shui-art\/happy-laughing-buddha\/#breadcrumb"},"inLanguage":"de","potentialAction":[{"@type":"ReadAction","target":["http:\/\/fengshuifocus.com.sg\/shop\/feng-shui-art\/happy-laughing-buddha\/"]}]},{"@type":"ImageObject","inLanguage":"de","@id":"http:\/\/fengshuifocus.com.sg\/shop\/feng-shui-art\/happy-laughing-buddha\/#primaryimage","url":"https:\/\/fengshuifocus.com.sg\/wp-content\/uploads\/2018\/01\/Happy-Laughing-Buddha-e1517240192478.jpeg","contentUrl":"https:\/\/fengshuifocus.com.sg\/wp-content\/uploads\/2018\/01\/Happy-Laughing-Buddha-e1517240192478.jpeg","width":456,"height":456,"caption":"Happy Laughing Buddha"},{"@type":"BreadcrumbList","@id":"http:\/\/fengshuifocus.com.sg\/shop\/feng-shui-art\/happy-laughing-buddha\/#breadcrumb","itemListElement":[{"@type":"ListItem","position":1,"name":"Home","item":"https:\/\/fengshuifocus.com.sg\/"},{"@type":"ListItem","position":2,"name":"Feng Shui Focus Online Shop","item":"https:\/\/fengshuifocus.com.sg\/de\/shop\/"},{"@type":"ListItem","position":3,"name":"Happy Laughing Buddha"}]},{"@type":"WebSite","@id":"https:\/\/fengshuifocus.com.sg\/de\/#website","url":"https:\/\/fengshuifocus.com.sg\/de\/","name":"Feng Shui Focus","description":"Praktische L\u00f6sungen f\u00fcr das moderne Zuhause und B\u00fcro","potentialAction":[{"@type":"SearchAction","target":{"@type":"EntryPoint","urlTemplate":"https:\/\/fengshuifocus.com.sg\/de\/?s={search_term_string}"},"query-input":{"@type":"PropertyValueSpecification","valueRequired":true,"valueName":"search_term_string"}}],"inLanguage":"de"}]}},"post_mailing_queue_ids":[],"_links":{"self":[{"href":"https:\/\/fengshuifocus.com.sg\/de\/wp-json\/wp\/v2\/product\/6030","targetHints":{"allow":["GET"]}}],"collection":[{"href":"https:\/\/fengshuifocus.com.sg\/de\/wp-json\/wp\/v2\/product"}],"about":[{"href":"https:\/\/fengshuifocus.com.sg\/de\/wp-json\/wp\/v2\/types\/product"}],"wp:featuredmedia":[{"embeddable":true,"href":"https:\/\/fengshuifocus.com.sg\/de\/wp-json\/wp\/v2\/media\/6031"}],"wp:attachment":[{"href":"https:\/\/fengshuifocus.com.sg\/de\/wp-json\/wp\/v2\/media?parent=6030"}],"wp:term":[{"taxonomy":"product_brand","embeddable":true,"href":"https:\/\/fengshuifocus.com.sg\/de\/wp-json\/wp\/v2\/product_brand?post=6030"},{"taxonomy":"product_cat","embeddable":true,"href":"https:\/\/fengshuifocus.com.sg\/de\/wp-json\/wp\/v2\/product_cat?post=6030"},{"taxonomy":"product_tag","embeddable":true,"href":"https:\/\/fengshuifocus.com.sg\/de\/wp-json\/wp\/v2\/product_tag?post=6030"}],"curies":[{"name":"wp","href":"https:\/\/api.w.org\/{rel}","templated":true}]}}