{"id":7112,"date":"2022-02-02T13:31:47","date_gmt":"2022-02-02T12:31:47","guid":{"rendered":"http:\/\/fengshuifocus.com.sg\/?post_type=product&#038;p=7112"},"modified":"2026-02-02T21:09:35","modified_gmt":"2026-02-02T20:09:35","slug":"metal-wu-lou","status":"publish","type":"product","link":"https:\/\/fengshuifocus.com.sg\/de\/shop\/health\/metal-wu-lou\/","title":{"rendered":"Metal Wu Lou"},"content":{"rendered":"<hr \/>\n<hr \/>\n<p>The Metal Wu Lou is an excellent remedy against the No 2 Illness Star. In 2026, the Illness Star flies into the NW and therefore affects people born in the Year of the Dog or Boar (Pig) as well as the Patriarch. It is therefore important to subdue the Illness Star, as bad health and illness befalling the Patriarch could impact the whole family!<\/p>\n<p>If you are already sick, you might like to place this on your bedside table to help bring healing energy to you.<\/p>\n<p>Thanks to its plain design, this Wu Lou will suit any style of home d\u00e9cor.<\/p>\n<span class=\"\" style=\"display:block;clear:both;height: 0px;padding-top: 20px;border-top-width:0px;border-bottom-width:0px;\"><\/span>\n<p style=\"text-align: justify;\">Measurements:<\/p>\n<div dir=\"ltr\">Size S &#8211; measurements approx. H 9cm x W 4cm &#8211; S$ 29<\/div>\n<div dir=\"ltr\">Size M &#8211; measurements approx. H 14cm x W 6.3cm &#8211; S$ 48<\/div>\n<div dir=\"ltr\">Size L &#8211; measurements approx. H 16cm x W 7.5cm &#8211; S$ 58<\/div>\n<div dir=\"ltr\"><\/div>\n<p style=\"text-align: justify;\"><span class=\"\" style=\"display:block;clear:both;height: 0px;padding-top: 20px;border-top-width:0px;border-bottom-width:0px;\"><\/span>\n","protected":false},"excerpt":{"rendered":"<p>The Metal Wu Lou is an excellent remedy against the No 2 Illness Star. In 2026, the Illness Star flies into the NW and therefore affects people born in the Year of the Dog or Boar (Pig) as well as the Patriarch. It is therefore important to subdue the Illness Star, as bad health and illness befalling the Patriarch could impact the whole family!<\/p>\n<p>If you are already sick, you might like to place this on your bedside table to help bring healing energy to you.<\/p>\n<p>Thanks to its plain design, this Wu Lou will suit any style of home d\u00e9cor.<\/p>\n<p>[spacer height=\"20px\"][spacer height=\"20px\"]<\/p>\n","protected":false},"featured_media":10826,"template":"","meta":{"kt_blocks_editor_width":"","_monsterinsights_skip_tracking":false,"_monsterinsights_sitenote_active":false,"_monsterinsights_sitenote_note":"","_monsterinsights_sitenote_category":0},"product_brand":[],"product_cat":[374],"product_tag":[397,387,396,395,394],"class_list":{"0":"post-7112","1":"product","2":"type-product","3":"status-publish","4":"has-post-thumbnail","6":"product_cat-health","7":"product_tag-anti-illness","8":"product_tag-health","9":"product_tag-illness","10":"product_tag-metal-wu-lou","11":"product_tag-wu-lou","13":"first","14":"instock","15":"shipping-taxable","16":"purchasable","17":"product-type-variable"},"translation":{"provider":"WPGlobus","version":"3.0.0","language":"de","enabled_languages":["en","de"],"languages":{"en":{"title":true,"content":true,"excerpt":true},"de":{"title":false,"content":false,"excerpt":false}}},"yoast_head":"<!-- This site is optimized with the Yoast SEO plugin v26.4 - https:\/\/yoast.com\/wordpress\/plugins\/seo\/ -->\n<title>Metal Wu Lou &#8212; Feng Shui Focus<\/title>\n<meta name=\"robots\" content=\"index, follow, max-snippet:-1, max-image-preview:large, max-video-preview:-1\" \/>\n<link rel=\"canonical\" href=\"https:\/\/fengshuifocus.com.sg\/de\/shop\/health\/metal-wu-lou\/\" \/>\n<meta property=\"og:locale\" content=\"de_DE\" \/>\n<meta property=\"og:type\" content=\"article\" \/>\n<meta property=\"og:title\" content=\"Metal Wu Lou | Feng Shui Focus\" \/>\n<meta property=\"og:description\" content=\"The Metal Wu Lou is an excellent remedy against the No 2 Illness Star. In 2019, the Illness Star flies into the NE and since it is very strong this year...\" \/>\n<meta property=\"og:url\" content=\"https:\/\/fengshuifocus.com.sg\/de\/shop\/health\/metal-wu-lou\/\" \/>\n<meta property=\"og:site_name\" content=\"Feng Shui Focus\" \/>\n<meta property=\"article:publisher\" content=\"https:\/\/www.facebook.com\/Feng-Shui-Focus-176469115722739\/?hc_ref=ARQeIaM_dqGJoG1GyHcEnC9wqA9DE2VYU7MZosxhMrw4oVdQfkxNRxrsDKl-F7yxicA\" \/>\n<meta property=\"article:modified_time\" content=\"2026-02-02T20:09:35+00:00\" \/>\n<meta property=\"og:image\" content=\"https:\/\/fengshuifocus.com.sg\/wp-content\/uploads\/2019\/02\/Metal-Wu-Lou-medium-small-s.jpg\" \/>\n\t<meta property=\"og:image:width\" content=\"709\" \/>\n\t<meta property=\"og:image:height\" content=\"709\" \/>\n\t<meta property=\"og:image:type\" content=\"image\/jpeg\" \/>\n<meta name=\"twitter:card\" content=\"summary_large_image\" \/>\n<meta name=\"twitter:site\" content=\"@FengShuiFocus\" \/>\n<meta name=\"twitter:label1\" content=\"Gesch\u00e4tzte Lesezeit\" \/>\n\t<meta name=\"twitter:data1\" content=\"1\u00a0Minute\" \/>\n<script type=\"application\/ld+json\" class=\"yoast-schema-graph\">{\"@context\":\"https:\/\/schema.org\",\"@graph\":[{\"@type\":\"WebPage\",\"@id\":\"https:\/\/fengshuifocus.com.sg\/de\/shop\/health\/metal-wu-lou\/\",\"url\":\"https:\/\/fengshuifocus.com.sg\/de\/shop\/health\/metal-wu-lou\/\",\"name\":\"Metal Wu Lou &#8212; Feng Shui Focus\",\"isPartOf\":{\"@id\":\"https:\/\/fengshuifocus.com.sg\/de\/#website\"},\"primaryImageOfPage\":{\"@id\":\"https:\/\/fengshuifocus.com.sg\/de\/shop\/health\/metal-wu-lou\/#primaryimage\"},\"image\":{\"@id\":\"https:\/\/fengshuifocus.com.sg\/de\/shop\/health\/metal-wu-lou\/#primaryimage\"},\"thumbnailUrl\":\"https:\/\/fengshuifocus.com.sg\/wp-content\/uploads\/2019\/02\/Metal-Wu-Lou-medium-small-s.jpg\",\"datePublished\":\"2022-02-02T12:31:47+00:00\",\"dateModified\":\"2026-02-02T20:09:35+00:00\",\"description\":\"\",\"breadcrumb\":{\"@id\":\"https:\/\/fengshuifocus.com.sg\/de\/shop\/health\/metal-wu-lou\/#breadcrumb\"},\"inLanguage\":\"de\",\"potentialAction\":[{\"@type\":\"ReadAction\",\"target\":[\"https:\/\/fengshuifocus.com.sg\/de\/shop\/health\/metal-wu-lou\/\"]}]},{\"@type\":\"ImageObject\",\"inLanguage\":\"de\",\"@id\":\"https:\/\/fengshuifocus.com.sg\/de\/shop\/health\/metal-wu-lou\/#primaryimage\",\"url\":\"https:\/\/fengshuifocus.com.sg\/wp-content\/uploads\/2019\/02\/Metal-Wu-Lou-medium-small-s.jpg\",\"contentUrl\":\"https:\/\/fengshuifocus.com.sg\/wp-content\/uploads\/2019\/02\/Metal-Wu-Lou-medium-small-s.jpg\",\"width\":709,\"height\":709,\"caption\":\"Metal Wu Lou medium & small s\"},{\"@type\":\"BreadcrumbList\",\"@id\":\"https:\/\/fengshuifocus.com.sg\/de\/shop\/health\/metal-wu-lou\/#breadcrumb\",\"itemListElement\":[{\"@type\":\"ListItem\",\"position\":1,\"name\":\"Home\",\"item\":\"https:\/\/fengshuifocus.com.sg\/\"},{\"@type\":\"ListItem\",\"position\":2,\"name\":\"Feng Shui Focus Online Shop\",\"item\":\"https:\/\/fengshuifocus.com.sg\/de\/shop\/\"},{\"@type\":\"ListItem\",\"position\":3,\"name\":\"Metal Wu Lou\"}]},{\"@type\":\"WebSite\",\"@id\":\"https:\/\/fengshuifocus.com.sg\/de\/#website\",\"url\":\"https:\/\/fengshuifocus.com.sg\/de\/\",\"name\":\"Feng Shui Focus\",\"description\":\"Praktische L\u00f6sungen f\u00fcr das moderne Zuhause und B\u00fcro\",\"potentialAction\":[{\"@type\":\"SearchAction\",\"target\":{\"@type\":\"EntryPoint\",\"urlTemplate\":\"https:\/\/fengshuifocus.com.sg\/de\/?s={search_term_string}\"},\"query-input\":{\"@type\":\"PropertyValueSpecification\",\"valueRequired\":true,\"valueName\":\"search_term_string\"}}],\"inLanguage\":\"de\"}]}<\/script>\n<!-- \/ Yoast SEO plugin. -->","yoast_head_json":{"title":"Metal Wu Lou &#8212; Feng Shui Focus","robots":{"index":"index","follow":"follow","max-snippet":"max-snippet:-1","max-image-preview":"max-image-preview:large","max-video-preview":"max-video-preview:-1"},"canonical":"https:\/\/fengshuifocus.com.sg\/de\/shop\/health\/metal-wu-lou\/","og_locale":"de_DE","og_type":"article","og_title":"Metal Wu Lou | Feng Shui Focus","og_description":"The Metal Wu Lou is an excellent remedy against the No 2 Illness Star. In 2019, the Illness Star flies into the NE and since it is very strong this year...","og_url":"https:\/\/fengshuifocus.com.sg\/de\/shop\/health\/metal-wu-lou\/","og_site_name":"Feng Shui Focus","article_publisher":"https:\/\/www.facebook.com\/Feng-Shui-Focus-176469115722739\/?hc_ref=ARQeIaM_dqGJoG1GyHcEnC9wqA9DE2VYU7MZosxhMrw4oVdQfkxNRxrsDKl-F7yxicA","article_modified_time":"2026-02-02T20:09:35+00:00","og_image":[{"width":709,"height":709,"url":"https:\/\/fengshuifocus.com.sg\/wp-content\/uploads\/2019\/02\/Metal-Wu-Lou-medium-small-s.jpg","type":"image\/jpeg"}],"twitter_card":"summary_large_image","twitter_site":"@FengShuiFocus","twitter_misc":{"Gesch\u00e4tzte Lesezeit":"1\u00a0Minute"},"schema":{"@context":"https:\/\/schema.org","@graph":[{"@type":"WebPage","@id":"https:\/\/fengshuifocus.com.sg\/de\/shop\/health\/metal-wu-lou\/","url":"https:\/\/fengshuifocus.com.sg\/de\/shop\/health\/metal-wu-lou\/","name":"Metal Wu Lou &#8212; Feng Shui Focus","isPartOf":{"@id":"https:\/\/fengshuifocus.com.sg\/de\/#website"},"primaryImageOfPage":{"@id":"https:\/\/fengshuifocus.com.sg\/de\/shop\/health\/metal-wu-lou\/#primaryimage"},"image":{"@id":"https:\/\/fengshuifocus.com.sg\/de\/shop\/health\/metal-wu-lou\/#primaryimage"},"thumbnailUrl":"https:\/\/fengshuifocus.com.sg\/wp-content\/uploads\/2019\/02\/Metal-Wu-Lou-medium-small-s.jpg","datePublished":"2022-02-02T12:31:47+00:00","dateModified":"2026-02-02T20:09:35+00:00","description":"","breadcrumb":{"@id":"https:\/\/fengshuifocus.com.sg\/de\/shop\/health\/metal-wu-lou\/#breadcrumb"},"inLanguage":"de","potentialAction":[{"@type":"ReadAction","target":["https:\/\/fengshuifocus.com.sg\/de\/shop\/health\/metal-wu-lou\/"]}]},{"@type":"ImageObject","inLanguage":"de","@id":"https:\/\/fengshuifocus.com.sg\/de\/shop\/health\/metal-wu-lou\/#primaryimage","url":"https:\/\/fengshuifocus.com.sg\/wp-content\/uploads\/2019\/02\/Metal-Wu-Lou-medium-small-s.jpg","contentUrl":"https:\/\/fengshuifocus.com.sg\/wp-content\/uploads\/2019\/02\/Metal-Wu-Lou-medium-small-s.jpg","width":709,"height":709,"caption":"Metal Wu Lou medium & small s"},{"@type":"BreadcrumbList","@id":"https:\/\/fengshuifocus.com.sg\/de\/shop\/health\/metal-wu-lou\/#breadcrumb","itemListElement":[{"@type":"ListItem","position":1,"name":"Home","item":"https:\/\/fengshuifocus.com.sg\/"},{"@type":"ListItem","position":2,"name":"Feng Shui Focus Online Shop","item":"https:\/\/fengshuifocus.com.sg\/de\/shop\/"},{"@type":"ListItem","position":3,"name":"Metal Wu Lou"}]},{"@type":"WebSite","@id":"https:\/\/fengshuifocus.com.sg\/de\/#website","url":"https:\/\/fengshuifocus.com.sg\/de\/","name":"Feng Shui Focus","description":"Praktische L\u00f6sungen f\u00fcr das moderne Zuhause und B\u00fcro","potentialAction":[{"@type":"SearchAction","target":{"@type":"EntryPoint","urlTemplate":"https:\/\/fengshuifocus.com.sg\/de\/?s={search_term_string}"},"query-input":{"@type":"PropertyValueSpecification","valueRequired":true,"valueName":"search_term_string"}}],"inLanguage":"de"}]}},"post_mailing_queue_ids":[],"_links":{"self":[{"href":"https:\/\/fengshuifocus.com.sg\/de\/wp-json\/wp\/v2\/product\/7112","targetHints":{"allow":["GET"]}}],"collection":[{"href":"https:\/\/fengshuifocus.com.sg\/de\/wp-json\/wp\/v2\/product"}],"about":[{"href":"https:\/\/fengshuifocus.com.sg\/de\/wp-json\/wp\/v2\/types\/product"}],"wp:featuredmedia":[{"embeddable":true,"href":"https:\/\/fengshuifocus.com.sg\/de\/wp-json\/wp\/v2\/media\/10826"}],"wp:attachment":[{"href":"https:\/\/fengshuifocus.com.sg\/de\/wp-json\/wp\/v2\/media?parent=7112"}],"wp:term":[{"taxonomy":"product_brand","embeddable":true,"href":"https:\/\/fengshuifocus.com.sg\/de\/wp-json\/wp\/v2\/product_brand?post=7112"},{"taxonomy":"product_cat","embeddable":true,"href":"https:\/\/fengshuifocus.com.sg\/de\/wp-json\/wp\/v2\/product_cat?post=7112"},{"taxonomy":"product_tag","embeddable":true,"href":"https:\/\/fengshuifocus.com.sg\/de\/wp-json\/wp\/v2\/product_tag?post=7112"}],"curies":[{"name":"wp","href":"https:\/\/api.w.org\/{rel}","templated":true}]}}