{"id":7241,"date":"2019-05-20T11:16:40","date_gmt":"2019-05-20T09:16:40","guid":{"rendered":"http:\/\/fengshuifocus.com.sg\/?post_type=product&#038;p=7241"},"modified":"2023-10-30T20:29:22","modified_gmt":"2023-10-30T19:29:22","slug":"chinese-zodiac-tea-towel","status":"publish","type":"product","link":"https:\/\/fengshuifocus.com.sg\/de\/shop\/feng-shui-home\/chinese-zodiac-tea-towel\/","title":{"rendered":"Chinese Zodiac Tea Towel"},"content":{"rendered":"<p>What a FUN (and useful!) Feng Shui object to have in your kitchen!<\/p>\n<p>Designed by British artist Fiona Hollis Carney, this unique Chinese Zodiac Tea Towel contains fun facts about each of the twelve Chinese zodiac animal signs along with Fiona\u2019s own animal illustrations.<\/p>\n<p>Discover what animal you are according to the Chinese zodiac, who your allies and secret friends are, and your lucky numbers, flowers and colours. This tea towel will certainly create some fun conversations in your kitchen!<\/p>\n<p>Not only a thoughtful gift or souvenir, you are also offering the gift of good luck and auspiciousness.<\/p>\n<p>Product Specifications:<\/p>\n<ul>\n<li>Size: 48cm x 78cm<\/li>\n<li>100% Cotton<\/li>\n<li>Hanging Loop<\/li>\n<li>Machine washable at 40 degrees<\/li>\n<\/ul>\n<span class=\"\" style=\"display:block;clear:both;height: 0px;padding-top: 20px;border-top-width:0px;border-bottom-width:0px;\"><\/span>\n<span class=\"\" style=\"display:block;clear:both;height: 0px;padding-top: 20px;border-top-width:0px;border-bottom-width:0px;\"><\/span>\n","protected":false},"excerpt":{"rendered":"<p>What a FUN (and useful!) Feng Shui object to have in your kitchen!<\/p>\n<p>Designed by British artist Fiona Hollis Carney, this unique Chinese Zodiac Tea Towel contains fun facts about each of the twelve Chinese zodiac animal signs along with Fiona\u2019s own animal illustrations.<\/p>\n<p>Discover what animal you are according to the Chinese zodiac, who your allies and secret friends are, and your lucky numbers, flowers and colours. This tea towel will certainly create some fun conversations in your kitchen!<\/p>\n<p>Not only a thoughtful gift or souvenir, you are also offering the gift of good luck and auspiciousness.[spacer height=\"20px\"]<\/p>\n","protected":false},"featured_media":10677,"template":"","meta":{"kt_blocks_editor_width":"","_monsterinsights_skip_tracking":false,"_monsterinsights_sitenote_active":false,"_monsterinsights_sitenote_note":"","_monsterinsights_sitenote_category":0},"product_brand":[],"product_cat":[378],"product_tag":[532,559,560,501,557,558],"class_list":{"0":"post-7241","1":"product","2":"type-product","3":"status-publish","4":"has-post-thumbnail","6":"product_cat-feng-shui-home","7":"product_tag-art","8":"product_tag-chinese-zodiac","9":"product_tag-fiona-hollis-carney","10":"product_tag-kitchen","11":"product_tag-tea-towel","12":"product_tag-zodiac-animals","14":"first","15":"instock","16":"shipping-taxable","17":"purchasable","18":"product-type-simple"},"translation":{"provider":"WPGlobus","version":"3.0.0","language":"de","enabled_languages":["en","de"],"languages":{"en":{"title":true,"content":true,"excerpt":true},"de":{"title":false,"content":false,"excerpt":false}}},"yoast_head":"<!-- This site is optimized with the Yoast SEO plugin v26.4 - https:\/\/yoast.com\/wordpress\/plugins\/seo\/ -->\n<title>Chinese Zodiac Tea Towel &#8212; Feng Shui Focus<\/title>\n<meta name=\"robots\" content=\"index, follow, max-snippet:-1, max-image-preview:large, max-video-preview:-1\" \/>\n<link rel=\"canonical\" href=\"https:\/\/fengshuifocus.com.sg\/shop\/feng-shui-home\/chinese-zodiac-tea-towel\/\" \/>\n<meta property=\"og:locale\" content=\"de_DE\" \/>\n<meta property=\"og:type\" content=\"article\" \/>\n<meta property=\"og:title\" content=\"Chinese Zodiac Tea Towel | Feng Shui Focus\" \/>\n<meta property=\"og:description\" content=\"This unique Chinese Zodiac Tea Towel contains fun facts about each of the twelve Chinese zodiac animal signs along with Fiona\u2019s own animal illustrations.\" \/>\n<meta property=\"og:url\" content=\"https:\/\/fengshuifocus.com.sg\/shop\/feng-shui-home\/chinese-zodiac-tea-towel\/\" \/>\n<meta property=\"og:site_name\" content=\"Feng Shui Focus\" \/>\n<meta property=\"article:publisher\" content=\"https:\/\/www.facebook.com\/Feng-Shui-Focus-176469115722739\/?hc_ref=ARQeIaM_dqGJoG1GyHcEnC9wqA9DE2VYU7MZosxhMrw4oVdQfkxNRxrsDKl-F7yxicA\" \/>\n<meta property=\"article:modified_time\" content=\"2023-10-30T19:29:22+00:00\" \/>\n<meta property=\"og:image\" content=\"https:\/\/fengshuifocus.com.sg\/wp-content\/uploads\/2019\/05\/Zodiac-Tea-Towel-square.jpg\" \/>\n\t<meta property=\"og:image:width\" content=\"1326\" \/>\n\t<meta property=\"og:image:height\" content=\"1224\" \/>\n\t<meta property=\"og:image:type\" content=\"image\/jpeg\" \/>\n<meta name=\"twitter:card\" content=\"summary_large_image\" \/>\n<meta name=\"twitter:site\" content=\"@FengShuiFocus\" \/>\n<meta name=\"twitter:label1\" content=\"Gesch\u00e4tzte Lesezeit\" \/>\n\t<meta name=\"twitter:data1\" content=\"1\u00a0Minute\" \/>\n<script type=\"application\/ld+json\" class=\"yoast-schema-graph\">{\"@context\":\"https:\/\/schema.org\",\"@graph\":[{\"@type\":\"WebPage\",\"@id\":\"https:\/\/fengshuifocus.com.sg\/shop\/feng-shui-home\/chinese-zodiac-tea-towel\/\",\"url\":\"https:\/\/fengshuifocus.com.sg\/shop\/feng-shui-home\/chinese-zodiac-tea-towel\/\",\"name\":\"Chinese Zodiac Tea Towel &#8212; Feng Shui Focus\",\"isPartOf\":{\"@id\":\"https:\/\/fengshuifocus.com.sg\/de\/#website\"},\"primaryImageOfPage\":{\"@id\":\"https:\/\/fengshuifocus.com.sg\/shop\/feng-shui-home\/chinese-zodiac-tea-towel\/#primaryimage\"},\"image\":{\"@id\":\"https:\/\/fengshuifocus.com.sg\/shop\/feng-shui-home\/chinese-zodiac-tea-towel\/#primaryimage\"},\"thumbnailUrl\":\"https:\/\/fengshuifocus.com.sg\/wp-content\/uploads\/2022\/01\/Chinese-Zodiac-Tea-Towel-Lifestyle-1-small.jpg\",\"datePublished\":\"2019-05-20T09:16:40+00:00\",\"dateModified\":\"2023-10-30T19:29:22+00:00\",\"description\":\"This unique Chinese Zodiac Tea Towel contains fun facts about each of the twelve Chinese zodiac animal signs along with Fiona\u2019s own animal illustrations.\",\"breadcrumb\":{\"@id\":\"https:\/\/fengshuifocus.com.sg\/shop\/feng-shui-home\/chinese-zodiac-tea-towel\/#breadcrumb\"},\"inLanguage\":\"de\",\"potentialAction\":[{\"@type\":\"ReadAction\",\"target\":[\"https:\/\/fengshuifocus.com.sg\/shop\/feng-shui-home\/chinese-zodiac-tea-towel\/\"]}]},{\"@type\":\"ImageObject\",\"inLanguage\":\"de\",\"@id\":\"https:\/\/fengshuifocus.com.sg\/shop\/feng-shui-home\/chinese-zodiac-tea-towel\/#primaryimage\",\"url\":\"https:\/\/fengshuifocus.com.sg\/wp-content\/uploads\/2022\/01\/Chinese-Zodiac-Tea-Towel-Lifestyle-1-small.jpg\",\"contentUrl\":\"https:\/\/fengshuifocus.com.sg\/wp-content\/uploads\/2022\/01\/Chinese-Zodiac-Tea-Towel-Lifestyle-1-small.jpg\",\"width\":709,\"height\":709,\"caption\":\"Chinese Zodiac Tea Towel Lifestyle 1 small\"},{\"@type\":\"BreadcrumbList\",\"@id\":\"https:\/\/fengshuifocus.com.sg\/shop\/feng-shui-home\/chinese-zodiac-tea-towel\/#breadcrumb\",\"itemListElement\":[{\"@type\":\"ListItem\",\"position\":1,\"name\":\"Home\",\"item\":\"https:\/\/fengshuifocus.com.sg\/\"},{\"@type\":\"ListItem\",\"position\":2,\"name\":\"Feng Shui Focus Online Shop\",\"item\":\"https:\/\/fengshuifocus.com.sg\/de\/shop\/\"},{\"@type\":\"ListItem\",\"position\":3,\"name\":\"Chinese Zodiac Tea Towel\"}]},{\"@type\":\"WebSite\",\"@id\":\"https:\/\/fengshuifocus.com.sg\/de\/#website\",\"url\":\"https:\/\/fengshuifocus.com.sg\/de\/\",\"name\":\"Feng Shui Focus\",\"description\":\"Praktische L\u00f6sungen f\u00fcr das moderne Zuhause und B\u00fcro\",\"potentialAction\":[{\"@type\":\"SearchAction\",\"target\":{\"@type\":\"EntryPoint\",\"urlTemplate\":\"https:\/\/fengshuifocus.com.sg\/de\/?s={search_term_string}\"},\"query-input\":{\"@type\":\"PropertyValueSpecification\",\"valueRequired\":true,\"valueName\":\"search_term_string\"}}],\"inLanguage\":\"de\"}]}<\/script>\n<!-- \/ Yoast SEO plugin. -->","yoast_head_json":{"title":"Chinese Zodiac Tea Towel &#8212; Feng Shui Focus","robots":{"index":"index","follow":"follow","max-snippet":"max-snippet:-1","max-image-preview":"max-image-preview:large","max-video-preview":"max-video-preview:-1"},"canonical":"https:\/\/fengshuifocus.com.sg\/shop\/feng-shui-home\/chinese-zodiac-tea-towel\/","og_locale":"de_DE","og_type":"article","og_title":"Chinese Zodiac Tea Towel | Feng Shui Focus","og_description":"This unique Chinese Zodiac Tea Towel contains fun facts about each of the twelve Chinese zodiac animal signs along with Fiona\u2019s own animal illustrations.","og_url":"https:\/\/fengshuifocus.com.sg\/shop\/feng-shui-home\/chinese-zodiac-tea-towel\/","og_site_name":"Feng Shui Focus","article_publisher":"https:\/\/www.facebook.com\/Feng-Shui-Focus-176469115722739\/?hc_ref=ARQeIaM_dqGJoG1GyHcEnC9wqA9DE2VYU7MZosxhMrw4oVdQfkxNRxrsDKl-F7yxicA","article_modified_time":"2023-10-30T19:29:22+00:00","og_image":[{"width":1326,"height":1224,"url":"https:\/\/fengshuifocus.com.sg\/wp-content\/uploads\/2019\/05\/Zodiac-Tea-Towel-square.jpg","type":"image\/jpeg"}],"twitter_card":"summary_large_image","twitter_site":"@FengShuiFocus","twitter_misc":{"Gesch\u00e4tzte Lesezeit":"1\u00a0Minute"},"schema":{"@context":"https:\/\/schema.org","@graph":[{"@type":"WebPage","@id":"https:\/\/fengshuifocus.com.sg\/shop\/feng-shui-home\/chinese-zodiac-tea-towel\/","url":"https:\/\/fengshuifocus.com.sg\/shop\/feng-shui-home\/chinese-zodiac-tea-towel\/","name":"Chinese Zodiac Tea Towel &#8212; Feng Shui Focus","isPartOf":{"@id":"https:\/\/fengshuifocus.com.sg\/de\/#website"},"primaryImageOfPage":{"@id":"https:\/\/fengshuifocus.com.sg\/shop\/feng-shui-home\/chinese-zodiac-tea-towel\/#primaryimage"},"image":{"@id":"https:\/\/fengshuifocus.com.sg\/shop\/feng-shui-home\/chinese-zodiac-tea-towel\/#primaryimage"},"thumbnailUrl":"https:\/\/fengshuifocus.com.sg\/wp-content\/uploads\/2022\/01\/Chinese-Zodiac-Tea-Towel-Lifestyle-1-small.jpg","datePublished":"2019-05-20T09:16:40+00:00","dateModified":"2023-10-30T19:29:22+00:00","description":"This unique Chinese Zodiac Tea Towel contains fun facts about each of the twelve Chinese zodiac animal signs along with Fiona\u2019s own animal illustrations.","breadcrumb":{"@id":"https:\/\/fengshuifocus.com.sg\/shop\/feng-shui-home\/chinese-zodiac-tea-towel\/#breadcrumb"},"inLanguage":"de","potentialAction":[{"@type":"ReadAction","target":["https:\/\/fengshuifocus.com.sg\/shop\/feng-shui-home\/chinese-zodiac-tea-towel\/"]}]},{"@type":"ImageObject","inLanguage":"de","@id":"https:\/\/fengshuifocus.com.sg\/shop\/feng-shui-home\/chinese-zodiac-tea-towel\/#primaryimage","url":"https:\/\/fengshuifocus.com.sg\/wp-content\/uploads\/2022\/01\/Chinese-Zodiac-Tea-Towel-Lifestyle-1-small.jpg","contentUrl":"https:\/\/fengshuifocus.com.sg\/wp-content\/uploads\/2022\/01\/Chinese-Zodiac-Tea-Towel-Lifestyle-1-small.jpg","width":709,"height":709,"caption":"Chinese Zodiac Tea Towel Lifestyle 1 small"},{"@type":"BreadcrumbList","@id":"https:\/\/fengshuifocus.com.sg\/shop\/feng-shui-home\/chinese-zodiac-tea-towel\/#breadcrumb","itemListElement":[{"@type":"ListItem","position":1,"name":"Home","item":"https:\/\/fengshuifocus.com.sg\/"},{"@type":"ListItem","position":2,"name":"Feng Shui Focus Online Shop","item":"https:\/\/fengshuifocus.com.sg\/de\/shop\/"},{"@type":"ListItem","position":3,"name":"Chinese Zodiac Tea Towel"}]},{"@type":"WebSite","@id":"https:\/\/fengshuifocus.com.sg\/de\/#website","url":"https:\/\/fengshuifocus.com.sg\/de\/","name":"Feng Shui Focus","description":"Praktische L\u00f6sungen f\u00fcr das moderne Zuhause und B\u00fcro","potentialAction":[{"@type":"SearchAction","target":{"@type":"EntryPoint","urlTemplate":"https:\/\/fengshuifocus.com.sg\/de\/?s={search_term_string}"},"query-input":{"@type":"PropertyValueSpecification","valueRequired":true,"valueName":"search_term_string"}}],"inLanguage":"de"}]}},"post_mailing_queue_ids":[],"_links":{"self":[{"href":"https:\/\/fengshuifocus.com.sg\/de\/wp-json\/wp\/v2\/product\/7241","targetHints":{"allow":["GET"]}}],"collection":[{"href":"https:\/\/fengshuifocus.com.sg\/de\/wp-json\/wp\/v2\/product"}],"about":[{"href":"https:\/\/fengshuifocus.com.sg\/de\/wp-json\/wp\/v2\/types\/product"}],"wp:featuredmedia":[{"embeddable":true,"href":"https:\/\/fengshuifocus.com.sg\/de\/wp-json\/wp\/v2\/media\/10677"}],"wp:attachment":[{"href":"https:\/\/fengshuifocus.com.sg\/de\/wp-json\/wp\/v2\/media?parent=7241"}],"wp:term":[{"taxonomy":"product_brand","embeddable":true,"href":"https:\/\/fengshuifocus.com.sg\/de\/wp-json\/wp\/v2\/product_brand?post=7241"},{"taxonomy":"product_cat","embeddable":true,"href":"https:\/\/fengshuifocus.com.sg\/de\/wp-json\/wp\/v2\/product_cat?post=7241"},{"taxonomy":"product_tag","embeddable":true,"href":"https:\/\/fengshuifocus.com.sg\/de\/wp-json\/wp\/v2\/product_tag?post=7241"}],"curies":[{"name":"wp","href":"https:\/\/api.w.org\/{rel}","templated":true}]}}