{"id":8114,"date":"2020-04-23T10:56:52","date_gmt":"2020-04-23T08:56:52","guid":{"rendered":"http:\/\/fengshuifocus.com.sg\/?post_type=product&#038;p=8114"},"modified":"2025-12-07T15:27:57","modified_gmt":"2025-12-07T14:27:57","slug":"little-fiery-dragon","status":"publish","type":"product","link":"https:\/\/fengshuifocus.com.sg\/de\/shop\/feng-shui-art\/little-fiery-dragon\/","title":{"rendered":"Little Fiery Dragon"},"content":{"rendered":"<p>This little red Dragon is truly spewing fire! Flying high above your head it seems to be moving fast and unpredictably. Pictured against a red and gold Chinese lantern hanging above an electrical store, this print is reminiscent of old-world charm in Asia.<\/p>\n<p>The juxtaposition of a photographic image and embroidered texture adds to the vibrancy of the artwork.<\/p>\n<p>Louise Hill shared the following background with me:<\/p>\n<p>\u201cThe photo of the electrical store was taken in Chinatown (Singapore) and I love the antique gold colours on that beautiful duck egg blue background. The embroidered dragons were photos taken from an old vintage kimono that was given to me by another artist friend of mine who lives in Brighton, UK. I wanted to have a bit of fun with this print so made it look like the dragon just got an electric shock! The little \u2018flames\u201d around him signify the electricity :-).\u201d<\/p>\n<p>Size:\u00a0\u00a0 Image Size: W 8\u201d x H 8\u201d \/ W 20.32cm x H 20.32cm<\/p>\n<p>Plus white 2\u201d mount and 1\u201d white wooden frame<\/p>\n<p>Overall Framed Size: W 17\u201d x H 17\u201d \/ W 43.18cm x H 43.13cm<\/p>\n<p>Available as framed or unframed print on Etching Paper.<\/p>\n<p><strong>Price: from S$195.00<\/strong><span style=\"text-align: justify;\">.<\/span><\/p>\n<p>&nbsp;<\/p>\n<h5>The Louise Hill Connection:<\/h5>\n<p>I have been seeing Louise Hill\u2019s artwork on social media and subsequently met her a few times at various fairs and art events. Louise\u2019s artwork is very detailed, bringing together lots of Asian scenes, symbols and images.<\/p>\n<p>The \u201cLittle Chinese Windows\u201d limited edition prints are among Louise\u2019s latest artworks and they are truly like peeks through small windows, focusing on a small detail of a potentially bigger picture.<\/p>\n<p>I fell in love with this \u201cLittle Fiery Dragon\u201d and am delighted to be able to feature it in my carefully selected collection of \u201cFeng Shui Art\u201d, alongside some of Louise\u2019s other pieces. They make gorgeous Asian accents for your home and I see Feng Shui symbolism in many of Louise\u2019s creations.<\/p>\n<p>&nbsp;<\/p>\n<h5>The Feng Shui Connection:<\/h5>\n<p>The Dragon is one of the four celestial animals in Feng Shui and is one of the most powerful symbols of yang energy. Being well-loved and highly respected all over Asia, the Dragon is overall an auspicious and protective symbol, often used to activate for power, strength, success, wealth and opportunities while also offering divine protection.<\/p>\n<p>The red Dragon, also known as \u201cFire Dragon\u201d, in particular makes a perfect remedy for the No 3 Quarrelsome Star that brings arguments, misunderstandings, serious disagreements and quarrels, which could even end up in court. It is a truly nasty star.<\/p>\n<p><strong>In 2026, the No 3 Star flies into the WEST, which makes The Little Fiery Dragon a perfect piece of art for this area (but not in a bedroom, because the Dragon symbol is too strong to have in a bedroom). <\/strong><\/p>\n<span class=\"\" style=\"display:block;clear:both;height: 0px;padding-top: 20px;border-top-width:0px;border-bottom-width:0px;\"><\/span>\n<p><a href=\"https:\/\/www.louise-hill-design.com\/\"><img loading=\"lazy\" decoding=\"async\" class=\"aligncenter wp-image-8118 size-full\" src=\"https:\/\/fengshuifocus.com.sg\/wp-content\/uploads\/2020\/04\/Louise-Hill-Design-LOGO-FOR-EMAIL-USE.jpg\" alt=\"Louise-Hill-Design-LOGO\" width=\"216\" height=\"129\" srcset=\"https:\/\/fengshuifocus.com.sg\/wp-content\/uploads\/2020\/04\/Louise-Hill-Design-LOGO-FOR-EMAIL-USE.jpg 216w, https:\/\/fengshuifocus.com.sg\/wp-content\/uploads\/2020\/04\/Louise-Hill-Design-LOGO-FOR-EMAIL-USE-200x119.jpg 200w, https:\/\/fengshuifocus.com.sg\/wp-content\/uploads\/2020\/04\/Louise-Hill-Design-LOGO-FOR-EMAIL-USE-150x90.jpg 150w\" sizes=\"auto, (max-width: 216px) 100vw, 216px\" \/><\/a><\/p>\n","protected":false},"excerpt":{"rendered":"<p>This little red Dragon is truly spewing fire! Flying high above your head it seems to be moving fast and unpredictably. Pictured against a red and gold Chinese lantern hanging above an electrical store, this print is reminiscent of old-world charm in Asia.<\/p>\n<p>The juxtaposition of a photographic image and embroidered texture adds to the vibrancy of the artwork.<\/p>\n<p><strong>From S$195.00<\/strong><\/p>\n<p><span style=\"color: #c72c00;\">Please note that the \u201cBUY PRODUCT\u201d button will take you straight to Louise Hill\u2019s website where you can purchase the artwork. <\/span><\/p>\n[spacer height=\"20px\"]\n<p>&nbsp;<\/p>\n<p>&nbsp;<\/p>\n","protected":false},"featured_media":8117,"template":"","meta":{"kt_blocks_editor_width":"","_monsterinsights_skip_tracking":false,"_monsterinsights_sitenote_active":false,"_monsterinsights_sitenote_note":"","_monsterinsights_sitenote_category":0},"product_brand":[],"product_cat":[377,66],"product_tag":[431,443,532,534,382,535,530,389,543,390,527],"class_list":{"0":"post-8114","1":"product","2":"type-product","3":"status-publish","4":"has-post-thumbnail","6":"product_cat-protection","7":"product_cat-feng-shui-art","8":"product_tag-affliction","9":"product_tag-aggression","10":"product_tag-art","11":"product_tag-dining-room","12":"product_tag-dragon","13":"product_tag-foyer","14":"product_tag-lawsuit","15":"product_tag-living-room","16":"product_tag-louise-hill","17":"product_tag-office","18":"product_tag-singapore","20":"first","21":"instock","22":"shipping-taxable","23":"product-type-external"},"translation":{"provider":"WPGlobus","version":"3.0.0","language":"de","enabled_languages":["en","de"],"languages":{"en":{"title":true,"content":true,"excerpt":true},"de":{"title":false,"content":false,"excerpt":false}}},"yoast_head":"<!-- This site is optimized with the Yoast SEO plugin v26.4 - https:\/\/yoast.com\/wordpress\/plugins\/seo\/ -->\n<title>Little Fiery Dragon &#8212; Feng Shui Focus<\/title>\n<meta name=\"robots\" content=\"index, follow, max-snippet:-1, max-image-preview:large, max-video-preview:-1\" \/>\n<link rel=\"canonical\" href=\"http:\/\/fengshuifocus.com.sg\/de\/shop\/feng-shui-art\/little-fiery-dragon\/\" \/>\n<meta property=\"og:locale\" content=\"de_DE\" \/>\n<meta property=\"og:type\" content=\"article\" \/>\n<meta property=\"og:title\" content=\"Little Fiery Dragon &#8212; Feng Shui Focus\" \/>\n<meta property=\"og:url\" content=\"http:\/\/fengshuifocus.com.sg\/de\/shop\/feng-shui-art\/little-fiery-dragon\/\" \/>\n<meta property=\"og:site_name\" content=\"Feng Shui Focus\" \/>\n<meta property=\"article:publisher\" content=\"https:\/\/www.facebook.com\/Feng-Shui-Focus-176469115722739\/?hc_ref=ARQeIaM_dqGJoG1GyHcEnC9wqA9DE2VYU7MZosxhMrw4oVdQfkxNRxrsDKl-F7yxicA\" \/>\n<meta property=\"article:modified_time\" content=\"2025-12-07T14:27:57+00:00\" \/>\n<meta property=\"og:image\" content=\"http:\/\/fengshuifocus.com.sg\/wp-content\/uploads\/2020\/04\/Little-Fiery-Dragon-square-1.jpg\" \/>\n\t<meta property=\"og:image:width\" content=\"709\" \/>\n\t<meta property=\"og:image:height\" content=\"709\" \/>\n\t<meta property=\"og:image:type\" content=\"image\/jpeg\" \/>\n<meta name=\"twitter:card\" content=\"summary_large_image\" \/>\n<meta name=\"twitter:site\" content=\"@FengShuiFocus\" \/>\n<meta name=\"twitter:label1\" content=\"Gesch\u00e4tzte Lesezeit\" \/>\n\t<meta name=\"twitter:data1\" content=\"3\u00a0Minuten\" \/>\n<script type=\"application\/ld+json\" class=\"yoast-schema-graph\">{\"@context\":\"https:\/\/schema.org\",\"@graph\":[{\"@type\":\"WebPage\",\"@id\":\"http:\/\/fengshuifocus.com.sg\/de\/shop\/feng-shui-art\/little-fiery-dragon\/\",\"url\":\"http:\/\/fengshuifocus.com.sg\/de\/shop\/feng-shui-art\/little-fiery-dragon\/\",\"name\":\"Little Fiery Dragon &#8212; Feng Shui Focus\",\"isPartOf\":{\"@id\":\"https:\/\/fengshuifocus.com.sg\/de\/#website\"},\"primaryImageOfPage\":{\"@id\":\"http:\/\/fengshuifocus.com.sg\/de\/shop\/feng-shui-art\/little-fiery-dragon\/#primaryimage\"},\"image\":{\"@id\":\"http:\/\/fengshuifocus.com.sg\/de\/shop\/feng-shui-art\/little-fiery-dragon\/#primaryimage\"},\"thumbnailUrl\":\"https:\/\/fengshuifocus.com.sg\/wp-content\/uploads\/2020\/04\/Little-Fiery-Dragon-square-1.jpg\",\"datePublished\":\"2020-04-23T08:56:52+00:00\",\"dateModified\":\"2025-12-07T14:27:57+00:00\",\"breadcrumb\":{\"@id\":\"http:\/\/fengshuifocus.com.sg\/de\/shop\/feng-shui-art\/little-fiery-dragon\/#breadcrumb\"},\"inLanguage\":\"de\",\"potentialAction\":[{\"@type\":\"ReadAction\",\"target\":[\"http:\/\/fengshuifocus.com.sg\/de\/shop\/feng-shui-art\/little-fiery-dragon\/\"]}]},{\"@type\":\"ImageObject\",\"inLanguage\":\"de\",\"@id\":\"http:\/\/fengshuifocus.com.sg\/de\/shop\/feng-shui-art\/little-fiery-dragon\/#primaryimage\",\"url\":\"https:\/\/fengshuifocus.com.sg\/wp-content\/uploads\/2020\/04\/Little-Fiery-Dragon-square-1.jpg\",\"contentUrl\":\"https:\/\/fengshuifocus.com.sg\/wp-content\/uploads\/2020\/04\/Little-Fiery-Dragon-square-1.jpg\",\"width\":709,\"height\":709,\"caption\":\"Little-Fiery-Dragon-square\"},{\"@type\":\"BreadcrumbList\",\"@id\":\"http:\/\/fengshuifocus.com.sg\/de\/shop\/feng-shui-art\/little-fiery-dragon\/#breadcrumb\",\"itemListElement\":[{\"@type\":\"ListItem\",\"position\":1,\"name\":\"Home\",\"item\":\"https:\/\/fengshuifocus.com.sg\/\"},{\"@type\":\"ListItem\",\"position\":2,\"name\":\"Feng Shui Focus Online Shop\",\"item\":\"https:\/\/fengshuifocus.com.sg\/de\/shop\/\"},{\"@type\":\"ListItem\",\"position\":3,\"name\":\"Little Fiery Dragon\"}]},{\"@type\":\"WebSite\",\"@id\":\"https:\/\/fengshuifocus.com.sg\/de\/#website\",\"url\":\"https:\/\/fengshuifocus.com.sg\/de\/\",\"name\":\"Feng Shui Focus\",\"description\":\"Praktische L\u00f6sungen f\u00fcr das moderne Zuhause und B\u00fcro\",\"potentialAction\":[{\"@type\":\"SearchAction\",\"target\":{\"@type\":\"EntryPoint\",\"urlTemplate\":\"https:\/\/fengshuifocus.com.sg\/de\/?s={search_term_string}\"},\"query-input\":{\"@type\":\"PropertyValueSpecification\",\"valueRequired\":true,\"valueName\":\"search_term_string\"}}],\"inLanguage\":\"de\"}]}<\/script>\n<!-- \/ Yoast SEO plugin. -->","yoast_head_json":{"title":"Little Fiery Dragon &#8212; Feng Shui Focus","robots":{"index":"index","follow":"follow","max-snippet":"max-snippet:-1","max-image-preview":"max-image-preview:large","max-video-preview":"max-video-preview:-1"},"canonical":"http:\/\/fengshuifocus.com.sg\/de\/shop\/feng-shui-art\/little-fiery-dragon\/","og_locale":"de_DE","og_type":"article","og_title":"Little Fiery Dragon &#8212; Feng Shui Focus","og_url":"http:\/\/fengshuifocus.com.sg\/de\/shop\/feng-shui-art\/little-fiery-dragon\/","og_site_name":"Feng Shui Focus","article_publisher":"https:\/\/www.facebook.com\/Feng-Shui-Focus-176469115722739\/?hc_ref=ARQeIaM_dqGJoG1GyHcEnC9wqA9DE2VYU7MZosxhMrw4oVdQfkxNRxrsDKl-F7yxicA","article_modified_time":"2025-12-07T14:27:57+00:00","og_image":[{"width":709,"height":709,"url":"http:\/\/fengshuifocus.com.sg\/wp-content\/uploads\/2020\/04\/Little-Fiery-Dragon-square-1.jpg","type":"image\/jpeg"}],"twitter_card":"summary_large_image","twitter_site":"@FengShuiFocus","twitter_misc":{"Gesch\u00e4tzte Lesezeit":"3\u00a0Minuten"},"schema":{"@context":"https:\/\/schema.org","@graph":[{"@type":"WebPage","@id":"http:\/\/fengshuifocus.com.sg\/de\/shop\/feng-shui-art\/little-fiery-dragon\/","url":"http:\/\/fengshuifocus.com.sg\/de\/shop\/feng-shui-art\/little-fiery-dragon\/","name":"Little Fiery Dragon &#8212; Feng Shui Focus","isPartOf":{"@id":"https:\/\/fengshuifocus.com.sg\/de\/#website"},"primaryImageOfPage":{"@id":"http:\/\/fengshuifocus.com.sg\/de\/shop\/feng-shui-art\/little-fiery-dragon\/#primaryimage"},"image":{"@id":"http:\/\/fengshuifocus.com.sg\/de\/shop\/feng-shui-art\/little-fiery-dragon\/#primaryimage"},"thumbnailUrl":"https:\/\/fengshuifocus.com.sg\/wp-content\/uploads\/2020\/04\/Little-Fiery-Dragon-square-1.jpg","datePublished":"2020-04-23T08:56:52+00:00","dateModified":"2025-12-07T14:27:57+00:00","breadcrumb":{"@id":"http:\/\/fengshuifocus.com.sg\/de\/shop\/feng-shui-art\/little-fiery-dragon\/#breadcrumb"},"inLanguage":"de","potentialAction":[{"@type":"ReadAction","target":["http:\/\/fengshuifocus.com.sg\/de\/shop\/feng-shui-art\/little-fiery-dragon\/"]}]},{"@type":"ImageObject","inLanguage":"de","@id":"http:\/\/fengshuifocus.com.sg\/de\/shop\/feng-shui-art\/little-fiery-dragon\/#primaryimage","url":"https:\/\/fengshuifocus.com.sg\/wp-content\/uploads\/2020\/04\/Little-Fiery-Dragon-square-1.jpg","contentUrl":"https:\/\/fengshuifocus.com.sg\/wp-content\/uploads\/2020\/04\/Little-Fiery-Dragon-square-1.jpg","width":709,"height":709,"caption":"Little-Fiery-Dragon-square"},{"@type":"BreadcrumbList","@id":"http:\/\/fengshuifocus.com.sg\/de\/shop\/feng-shui-art\/little-fiery-dragon\/#breadcrumb","itemListElement":[{"@type":"ListItem","position":1,"name":"Home","item":"https:\/\/fengshuifocus.com.sg\/"},{"@type":"ListItem","position":2,"name":"Feng Shui Focus Online Shop","item":"https:\/\/fengshuifocus.com.sg\/de\/shop\/"},{"@type":"ListItem","position":3,"name":"Little Fiery Dragon"}]},{"@type":"WebSite","@id":"https:\/\/fengshuifocus.com.sg\/de\/#website","url":"https:\/\/fengshuifocus.com.sg\/de\/","name":"Feng Shui Focus","description":"Praktische L\u00f6sungen f\u00fcr das moderne Zuhause und B\u00fcro","potentialAction":[{"@type":"SearchAction","target":{"@type":"EntryPoint","urlTemplate":"https:\/\/fengshuifocus.com.sg\/de\/?s={search_term_string}"},"query-input":{"@type":"PropertyValueSpecification","valueRequired":true,"valueName":"search_term_string"}}],"inLanguage":"de"}]}},"post_mailing_queue_ids":[],"_links":{"self":[{"href":"https:\/\/fengshuifocus.com.sg\/de\/wp-json\/wp\/v2\/product\/8114","targetHints":{"allow":["GET"]}}],"collection":[{"href":"https:\/\/fengshuifocus.com.sg\/de\/wp-json\/wp\/v2\/product"}],"about":[{"href":"https:\/\/fengshuifocus.com.sg\/de\/wp-json\/wp\/v2\/types\/product"}],"wp:featuredmedia":[{"embeddable":true,"href":"https:\/\/fengshuifocus.com.sg\/de\/wp-json\/wp\/v2\/media\/8117"}],"wp:attachment":[{"href":"https:\/\/fengshuifocus.com.sg\/de\/wp-json\/wp\/v2\/media?parent=8114"}],"wp:term":[{"taxonomy":"product_brand","embeddable":true,"href":"https:\/\/fengshuifocus.com.sg\/de\/wp-json\/wp\/v2\/product_brand?post=8114"},{"taxonomy":"product_cat","embeddable":true,"href":"https:\/\/fengshuifocus.com.sg\/de\/wp-json\/wp\/v2\/product_cat?post=8114"},{"taxonomy":"product_tag","embeddable":true,"href":"https:\/\/fengshuifocus.com.sg\/de\/wp-json\/wp\/v2\/product_tag?post=8114"}],"curies":[{"name":"wp","href":"https:\/\/api.w.org\/{rel}","templated":true}]}}