{"id":8122,"date":"2020-04-23T17:05:57","date_gmt":"2020-04-23T15:05:57","guid":{"rendered":"http:\/\/fengshuifocus.com.sg\/?post_type=product&#038;p=8122"},"modified":"2023-10-02T23:06:36","modified_gmt":"2023-10-02T21:06:36","slug":"peranakans-peonies-at-the-joo-chiat-shophouse","status":"publish","type":"product","link":"https:\/\/fengshuifocus.com.sg\/de\/shop\/feng-shui-art\/peranakans-peonies-at-the-joo-chiat-shophouse\/","title":{"rendered":"Peranakans &#038; Peonies at the Joo Chiat Shophouse"},"content":{"rendered":"<p>This is an extract from Clare Haxby\u2019s own description:<\/p>\n<p>I have loved creating this new print, the first in my new series of \u201cPeranakans and Peonies\u201d! It features the Peranakan ladies in their beautiful embroidered clothes in front of a row of \u201cJoo Chiat\u201d district painted shophouses shading from the tropical sun under palm trees and parasols. On the border of the painting is a decorative and striking Peranakan tile design. On the original painting I used a linocut carved printing block to create the tile design and I used mono-printing technique for the hand-drawn figures.<\/p>\n<p>Signed limited edition art print.<\/p>\n<p>Signed by the artist and printed on German Hahnemuhle paper.<\/p>\n<p>Size: A1 size, W 84.1cm x H 59.4cm<\/p>\n<p>&nbsp;<\/p>\n<h5>The Clare Haxby Connection:<\/h5>\n<p>I met British artist Clare Haxby when she lived in Singapore. It was one of her \u201copen house\u201d days when she would open her art studio, which was located in a beautiful colonial Black &amp; White house, to visitors. I felt an immediate connection with her art. I loved the way she portrays some of Singapore\u2019s unique landmarks in vibrant colours. Her Buddha collection and the Botanical series equally spoke to me.<\/p>\n<p>The generous use of bright colours make Clare Haxby\u2019s paintings and fine art prints ideal objects to enhance the Feng Shui of your home when you hang them in the \u201cright\u201d place.<\/p>\n<p>I have chosen a few of Clare\u2019s pieces of art to be featured on my website and would like to explain how you can use them to enhance the auspicious energy in your home.<\/p>\n<p>&nbsp;<\/p>\n<h5>The Feng Shui Connection:<\/h5>\n<p>I wanted to feature some artwork that is suitable for the \u201cHealth\u201d sector of your home, and this enchanting \u201cPeranakans &amp; Peonies at the Joo Chiat Shophouse\u201d is one of them. It is one of Clare\u2019s latest creations in her series of Singapore Landmarks. Although overall colourful, the botanical elements \u2013 palm trees, peony flower and leaves \u2013 are in the foreground of the picture. The additional green tile pattern on the left further strengthens the wood element in the print.<\/p>\n<p>Looking after the Health Chi of your home is always important &#8211; even more so in the current times, when Health is on everybody&#8217;s mind. In fact, from the beginning of Feng Shui Focus, good health has been one of the two main reasons why clients contact me to analyze their Feng Shui.<\/p>\n<p>To ensure good health for your family, you need to have wood element in the EAST of your home. Plants are therefore fabulous for your EAST sector (but not in a bedroom) and paintings or pictures of nature scenes are the next best option.<\/p>\n<p>That means, the EAST of your home or the EAST of your living room would be the ideal place for this beautiful \u201cPeranakan &amp; Peonies at the Joo Chiat Shophouse\u201d print. Of course you could also hang it in the EAST of your office.<\/p>\n<p>&nbsp;<\/p>\n","protected":false},"excerpt":{"rendered":"<p>I wanted to feature some artwork that is suitable for the \u201cHealth\u201d sector of your home, and this enchanting \u201cPeranakans &amp; Peonies at the Joo Chiat Shophouse\u201d by Clare Haxby is one of them. It is one of Clare\u2019s latest creations in her series of Singapore Landmarks.<\/p>\n<p>The painting features the Peranakan ladies in their beautiful embroidered clothes in front of a row of \u201cJoo Chiat\u201d district painted shophouses so typical of Singapore\u2019s heritage. On the border of the painting is a decorative and striking Peranakan tile design.<\/p>\n<p><strong>\u00a3285.00 GBP<\/strong><\/p>\n<p><span style=\"color: #c72c00;\">Please note that the &#8222;BUY PRODUCT&#8220; button will take you directly to the Clare Haxby website where you can purchase the artwork.\u00a0<\/span><\/p>\n","protected":false},"featured_media":8123,"template":"","meta":{"kt_blocks_editor_width":"","_monsterinsights_skip_tracking":false,"_monsterinsights_sitenote_active":false,"_monsterinsights_sitenote_note":"","_monsterinsights_sitenote_category":0},"product_brand":[],"product_cat":[374,66],"product_tag":[532,528,534,535,451,387,389,390,538,527],"class_list":{"0":"post-8122","1":"product","2":"type-product","3":"status-publish","4":"has-post-thumbnail","6":"product_cat-health","7":"product_cat-feng-shui-art","8":"product_tag-art","9":"product_tag-clare-haxby","10":"product_tag-dining-room","11":"product_tag-foyer","12":"product_tag-good-health","13":"product_tag-health","14":"product_tag-living-room","15":"product_tag-office","16":"product_tag-peranakan","17":"product_tag-singapore","19":"first","20":"instock","21":"shipping-taxable","22":"product-type-external"},"translation":{"provider":"WPGlobus","version":"3.0.0","language":"de","enabled_languages":["en","de"],"languages":{"en":{"title":true,"content":true,"excerpt":true},"de":{"title":false,"content":false,"excerpt":false}}},"yoast_head":"<!-- This site is optimized with the Yoast SEO plugin v26.4 - https:\/\/yoast.com\/wordpress\/plugins\/seo\/ -->\n<title>Peranakans &amp; Peonies at the Joo Chiat Shophouse &#8212; Feng Shui Focus<\/title>\n<meta name=\"robots\" content=\"index, follow, max-snippet:-1, max-image-preview:large, max-video-preview:-1\" \/>\n<link rel=\"canonical\" href=\"https:\/\/fengshuifocus.com.sg\/de\/shop\/feng-shui-art\/peranakans-peonies-at-the-joo-chiat-shophouse\/\" \/>\n<meta property=\"og:locale\" content=\"de_DE\" \/>\n<meta property=\"og:type\" content=\"article\" \/>\n<meta property=\"og:title\" content=\"Peranakans &amp; Peonies at the Joo Chiat Shophouse &#8212; Feng Shui Focus\" \/>\n<meta property=\"og:url\" content=\"https:\/\/fengshuifocus.com.sg\/de\/shop\/feng-shui-art\/peranakans-peonies-at-the-joo-chiat-shophouse\/\" \/>\n<meta property=\"og:site_name\" content=\"Feng Shui Focus\" \/>\n<meta property=\"article:publisher\" content=\"https:\/\/www.facebook.com\/Feng-Shui-Focus-176469115722739\/?hc_ref=ARQeIaM_dqGJoG1GyHcEnC9wqA9DE2VYU7MZosxhMrw4oVdQfkxNRxrsDKl-F7yxicA\" \/>\n<meta property=\"article:modified_time\" content=\"2023-10-02T21:06:36+00:00\" \/>\n<meta property=\"og:image\" content=\"https:\/\/fengshuifocus.com.sg\/wp-content\/uploads\/2020\/04\/Peranakans-Peonies-at-the-Joo-Chiat-Shophouses-WEB.jpg\" \/>\n\t<meta property=\"og:image:width\" content=\"1500\" \/>\n\t<meta property=\"og:image:height\" content=\"1120\" \/>\n\t<meta property=\"og:image:type\" content=\"image\/jpeg\" \/>\n<meta name=\"twitter:card\" content=\"summary_large_image\" \/>\n<meta name=\"twitter:site\" content=\"@FengShuiFocus\" \/>\n<meta name=\"twitter:label1\" content=\"Gesch\u00e4tzte Lesezeit\" \/>\n\t<meta name=\"twitter:data1\" content=\"3\u00a0Minuten\" \/>\n<script type=\"application\/ld+json\" class=\"yoast-schema-graph\">{\"@context\":\"https:\/\/schema.org\",\"@graph\":[{\"@type\":\"WebPage\",\"@id\":\"https:\/\/fengshuifocus.com.sg\/de\/shop\/feng-shui-art\/peranakans-peonies-at-the-joo-chiat-shophouse\/\",\"url\":\"https:\/\/fengshuifocus.com.sg\/de\/shop\/feng-shui-art\/peranakans-peonies-at-the-joo-chiat-shophouse\/\",\"name\":\"Peranakans & Peonies at the Joo Chiat Shophouse &#8212; Feng Shui Focus\",\"isPartOf\":{\"@id\":\"https:\/\/fengshuifocus.com.sg\/de\/#website\"},\"primaryImageOfPage\":{\"@id\":\"https:\/\/fengshuifocus.com.sg\/de\/shop\/feng-shui-art\/peranakans-peonies-at-the-joo-chiat-shophouse\/#primaryimage\"},\"image\":{\"@id\":\"https:\/\/fengshuifocus.com.sg\/de\/shop\/feng-shui-art\/peranakans-peonies-at-the-joo-chiat-shophouse\/#primaryimage\"},\"thumbnailUrl\":\"https:\/\/fengshuifocus.com.sg\/wp-content\/uploads\/2020\/04\/Peranakans-Peonies-at-the-Joo-Chiat-Shophouses-WEB.jpg\",\"datePublished\":\"2020-04-23T15:05:57+00:00\",\"dateModified\":\"2023-10-02T21:06:36+00:00\",\"breadcrumb\":{\"@id\":\"https:\/\/fengshuifocus.com.sg\/de\/shop\/feng-shui-art\/peranakans-peonies-at-the-joo-chiat-shophouse\/#breadcrumb\"},\"inLanguage\":\"de\",\"potentialAction\":[{\"@type\":\"ReadAction\",\"target\":[\"https:\/\/fengshuifocus.com.sg\/de\/shop\/feng-shui-art\/peranakans-peonies-at-the-joo-chiat-shophouse\/\"]}]},{\"@type\":\"ImageObject\",\"inLanguage\":\"de\",\"@id\":\"https:\/\/fengshuifocus.com.sg\/de\/shop\/feng-shui-art\/peranakans-peonies-at-the-joo-chiat-shophouse\/#primaryimage\",\"url\":\"https:\/\/fengshuifocus.com.sg\/wp-content\/uploads\/2020\/04\/Peranakans-Peonies-at-the-Joo-Chiat-Shophouses-WEB.jpg\",\"contentUrl\":\"https:\/\/fengshuifocus.com.sg\/wp-content\/uploads\/2020\/04\/Peranakans-Peonies-at-the-Joo-Chiat-Shophouses-WEB.jpg\",\"width\":1500,\"height\":1120,\"caption\":\"Peranakans-Peonies-at-the-Joo-Chiat-Shophouses\"},{\"@type\":\"BreadcrumbList\",\"@id\":\"https:\/\/fengshuifocus.com.sg\/de\/shop\/feng-shui-art\/peranakans-peonies-at-the-joo-chiat-shophouse\/#breadcrumb\",\"itemListElement\":[{\"@type\":\"ListItem\",\"position\":1,\"name\":\"Home\",\"item\":\"https:\/\/fengshuifocus.com.sg\/\"},{\"@type\":\"ListItem\",\"position\":2,\"name\":\"Feng Shui Focus Online Shop\",\"item\":\"https:\/\/fengshuifocus.com.sg\/de\/shop\/\"},{\"@type\":\"ListItem\",\"position\":3,\"name\":\"Peranakans &#038; Peonies at the Joo Chiat Shophouse\"}]},{\"@type\":\"WebSite\",\"@id\":\"https:\/\/fengshuifocus.com.sg\/de\/#website\",\"url\":\"https:\/\/fengshuifocus.com.sg\/de\/\",\"name\":\"Feng Shui Focus\",\"description\":\"Praktische L\u00f6sungen f\u00fcr das moderne Zuhause und B\u00fcro\",\"potentialAction\":[{\"@type\":\"SearchAction\",\"target\":{\"@type\":\"EntryPoint\",\"urlTemplate\":\"https:\/\/fengshuifocus.com.sg\/de\/?s={search_term_string}\"},\"query-input\":{\"@type\":\"PropertyValueSpecification\",\"valueRequired\":true,\"valueName\":\"search_term_string\"}}],\"inLanguage\":\"de\"}]}<\/script>\n<!-- \/ Yoast SEO plugin. -->","yoast_head_json":{"title":"Peranakans & Peonies at the Joo Chiat Shophouse &#8212; Feng Shui Focus","robots":{"index":"index","follow":"follow","max-snippet":"max-snippet:-1","max-image-preview":"max-image-preview:large","max-video-preview":"max-video-preview:-1"},"canonical":"https:\/\/fengshuifocus.com.sg\/de\/shop\/feng-shui-art\/peranakans-peonies-at-the-joo-chiat-shophouse\/","og_locale":"de_DE","og_type":"article","og_title":"Peranakans & Peonies at the Joo Chiat Shophouse &#8212; Feng Shui Focus","og_url":"https:\/\/fengshuifocus.com.sg\/de\/shop\/feng-shui-art\/peranakans-peonies-at-the-joo-chiat-shophouse\/","og_site_name":"Feng Shui Focus","article_publisher":"https:\/\/www.facebook.com\/Feng-Shui-Focus-176469115722739\/?hc_ref=ARQeIaM_dqGJoG1GyHcEnC9wqA9DE2VYU7MZosxhMrw4oVdQfkxNRxrsDKl-F7yxicA","article_modified_time":"2023-10-02T21:06:36+00:00","og_image":[{"width":1500,"height":1120,"url":"https:\/\/fengshuifocus.com.sg\/wp-content\/uploads\/2020\/04\/Peranakans-Peonies-at-the-Joo-Chiat-Shophouses-WEB.jpg","type":"image\/jpeg"}],"twitter_card":"summary_large_image","twitter_site":"@FengShuiFocus","twitter_misc":{"Gesch\u00e4tzte Lesezeit":"3\u00a0Minuten"},"schema":{"@context":"https:\/\/schema.org","@graph":[{"@type":"WebPage","@id":"https:\/\/fengshuifocus.com.sg\/de\/shop\/feng-shui-art\/peranakans-peonies-at-the-joo-chiat-shophouse\/","url":"https:\/\/fengshuifocus.com.sg\/de\/shop\/feng-shui-art\/peranakans-peonies-at-the-joo-chiat-shophouse\/","name":"Peranakans & Peonies at the Joo Chiat Shophouse &#8212; Feng Shui Focus","isPartOf":{"@id":"https:\/\/fengshuifocus.com.sg\/de\/#website"},"primaryImageOfPage":{"@id":"https:\/\/fengshuifocus.com.sg\/de\/shop\/feng-shui-art\/peranakans-peonies-at-the-joo-chiat-shophouse\/#primaryimage"},"image":{"@id":"https:\/\/fengshuifocus.com.sg\/de\/shop\/feng-shui-art\/peranakans-peonies-at-the-joo-chiat-shophouse\/#primaryimage"},"thumbnailUrl":"https:\/\/fengshuifocus.com.sg\/wp-content\/uploads\/2020\/04\/Peranakans-Peonies-at-the-Joo-Chiat-Shophouses-WEB.jpg","datePublished":"2020-04-23T15:05:57+00:00","dateModified":"2023-10-02T21:06:36+00:00","breadcrumb":{"@id":"https:\/\/fengshuifocus.com.sg\/de\/shop\/feng-shui-art\/peranakans-peonies-at-the-joo-chiat-shophouse\/#breadcrumb"},"inLanguage":"de","potentialAction":[{"@type":"ReadAction","target":["https:\/\/fengshuifocus.com.sg\/de\/shop\/feng-shui-art\/peranakans-peonies-at-the-joo-chiat-shophouse\/"]}]},{"@type":"ImageObject","inLanguage":"de","@id":"https:\/\/fengshuifocus.com.sg\/de\/shop\/feng-shui-art\/peranakans-peonies-at-the-joo-chiat-shophouse\/#primaryimage","url":"https:\/\/fengshuifocus.com.sg\/wp-content\/uploads\/2020\/04\/Peranakans-Peonies-at-the-Joo-Chiat-Shophouses-WEB.jpg","contentUrl":"https:\/\/fengshuifocus.com.sg\/wp-content\/uploads\/2020\/04\/Peranakans-Peonies-at-the-Joo-Chiat-Shophouses-WEB.jpg","width":1500,"height":1120,"caption":"Peranakans-Peonies-at-the-Joo-Chiat-Shophouses"},{"@type":"BreadcrumbList","@id":"https:\/\/fengshuifocus.com.sg\/de\/shop\/feng-shui-art\/peranakans-peonies-at-the-joo-chiat-shophouse\/#breadcrumb","itemListElement":[{"@type":"ListItem","position":1,"name":"Home","item":"https:\/\/fengshuifocus.com.sg\/"},{"@type":"ListItem","position":2,"name":"Feng Shui Focus Online Shop","item":"https:\/\/fengshuifocus.com.sg\/de\/shop\/"},{"@type":"ListItem","position":3,"name":"Peranakans &#038; Peonies at the Joo Chiat Shophouse"}]},{"@type":"WebSite","@id":"https:\/\/fengshuifocus.com.sg\/de\/#website","url":"https:\/\/fengshuifocus.com.sg\/de\/","name":"Feng Shui Focus","description":"Praktische L\u00f6sungen f\u00fcr das moderne Zuhause und B\u00fcro","potentialAction":[{"@type":"SearchAction","target":{"@type":"EntryPoint","urlTemplate":"https:\/\/fengshuifocus.com.sg\/de\/?s={search_term_string}"},"query-input":{"@type":"PropertyValueSpecification","valueRequired":true,"valueName":"search_term_string"}}],"inLanguage":"de"}]}},"post_mailing_queue_ids":[],"_links":{"self":[{"href":"https:\/\/fengshuifocus.com.sg\/de\/wp-json\/wp\/v2\/product\/8122","targetHints":{"allow":["GET"]}}],"collection":[{"href":"https:\/\/fengshuifocus.com.sg\/de\/wp-json\/wp\/v2\/product"}],"about":[{"href":"https:\/\/fengshuifocus.com.sg\/de\/wp-json\/wp\/v2\/types\/product"}],"wp:featuredmedia":[{"embeddable":true,"href":"https:\/\/fengshuifocus.com.sg\/de\/wp-json\/wp\/v2\/media\/8123"}],"wp:attachment":[{"href":"https:\/\/fengshuifocus.com.sg\/de\/wp-json\/wp\/v2\/media?parent=8122"}],"wp:term":[{"taxonomy":"product_brand","embeddable":true,"href":"https:\/\/fengshuifocus.com.sg\/de\/wp-json\/wp\/v2\/product_brand?post=8122"},{"taxonomy":"product_cat","embeddable":true,"href":"https:\/\/fengshuifocus.com.sg\/de\/wp-json\/wp\/v2\/product_cat?post=8122"},{"taxonomy":"product_tag","embeddable":true,"href":"https:\/\/fengshuifocus.com.sg\/de\/wp-json\/wp\/v2\/product_tag?post=8122"}],"curies":[{"name":"wp","href":"https:\/\/api.w.org\/{rel}","templated":true}]}}