{"id":8124,"date":"2020-04-23T17:14:27","date_gmt":"2020-04-23T15:14:27","guid":{"rendered":"http:\/\/fengshuifocus.com.sg\/?post_type=product&#038;p=8124"},"modified":"2022-06-13T07:29:01","modified_gmt":"2022-06-13T05:29:01","slug":"emerald-lotus-buddha","status":"publish","type":"product","link":"https:\/\/fengshuifocus.com.sg\/de\/shop\/feng-shui-art\/emerald-lotus-buddha\/","title":{"rendered":"Emerald Lotus Buddha"},"content":{"rendered":"<p>Clare Haxby describes her \u201cEmerald Lotus Buddha\u201d as follows:<\/p>\n<p>I have created a series of Buddha head paintings inspired by the many temples I have visited in Singapore and during my travels to Thailand, Bali, Laos and Sri Lanka. I am very drawn to painting them and at one point was painting nothing but Buddha paintings. I am using colours that resonate with the spirit and the chakra energy centres in the body, emerald and pink for the heart and purple or indigo for our highest spiritual self.<\/p>\n<p>The Lotus Flower in the \u201cEmerald Lotus Buddha\u201d painting represents enlightenment and self-acceptance. The colour green resonates with the heart chakra where we connect with harmony and peace.<\/p>\n<p>Artist Signed Fine Art Print &#8211; Unframed W 84cm x H 59 cm<br \/>\nGiclee Print on 310gsm German Hahnemuhle Paper<\/p>\n<p>&nbsp;<\/p>\n<h5>The Clare Haxby Connection:<\/h5>\n<p>I met British artist Clare Haxby when she lived in Singapore. It was one of her \u201copen house\u201d days when she would open her art studio, which was located in a beautiful colonial Black &amp; White house, to visitors. I felt an immediate connection with her art. I loved the way she portrays some of Singapore\u2019s unique landmarks in vibrant colours. Her Buddha collection and the Botanical series equally spoke to me.<\/p>\n<p>The generous use of bright colours make Clare Haxby\u2019s paintings and fine art prints ideal objects to enhance the Feng Shui of your home when you hang them in the \u201cright\u201d place.<\/p>\n<p>&nbsp;<\/p>\n<h5>The Feng Shui Connection:<\/h5>\n<p>Here in Asia, the Buddha is a very popular and much loved symbol of peace, serenity and wisdom. Figures and images of the enlightened Buddha take centre stage in many homes and public places.<\/p>\n<p>Clare Haxby\u2019s series of Buddha paintings all look very similar and I particularly like the \u201cEmerald Lotus Buddha\u201d for its calming green background and the addition of the purple lotus flowers. This actually allows me to visualize the Buddha sitting in a big field of tall grass dotted with purple lotus flowers!<\/p>\n<p>This is a wonderful print to hang in your EAST sector, where it will help boost good health for all residents of your home.<\/p>\n<span class=\"\" style=\"display:block;clear:both;height: 0px;padding-top: 20px;border-top-width:0px;border-bottom-width:0px;\"><\/span>\n<h5>Best Feng Shui Placement:<\/h5>\n<ul>\n<li>In your EAST room, but not in a bedroom.<\/li>\n<li>In the EAST of your living room.<\/li>\n<li>Opposite your main door, if your main door is located in the EAST sector of your home.<\/li>\n<\/ul>\n<span class=\"\" style=\"display:block;clear:both;height: 0px;padding-top: 20px;border-top-width:0px;border-bottom-width:0px;\"><\/span>\n<p>&nbsp;<\/p>\n","protected":false},"excerpt":{"rendered":"<p>Here in Asia, the Buddha is a very popular and much loved symbol of peace, serenity and wisdom. Figures and images of the enlightened Buddha take centre stage in many homes and public places.<\/p>\n<p>The Lotus Flower in the \u201cEmerald Lotus Buddha\u201d painting represents enlightenment and self-acceptance. The colour green resonates with the heart chakra where we connect with harmony and peace.<\/p>\n<p>This is a wonderful print to hang in your EAST sector, where it will help boost good health for all residents of your home.<\/p>\n<p><strong>\u00a3249.00 GBP<\/strong><\/p>\n<p><span style=\"color: #c72c00;\">Please note that the &#8222;BUY PRODUCT&#8220; button will take you directly to the Clare Haxby&#8217;s website where you can purchase the artwork.<\/span><\/p>\n","protected":false},"featured_media":8125,"template":"","meta":{"kt_blocks_editor_width":"","_monsterinsights_skip_tracking":false,"_monsterinsights_sitenote_active":false,"_monsterinsights_sitenote_note":"","_monsterinsights_sitenote_category":0},"product_brand":[],"product_cat":[66],"product_tag":[532,536,529,528,534,496,535,537,389,469,390,512,406],"class_list":{"0":"post-8124","1":"product","2":"type-product","3":"status-publish","4":"has-post-thumbnail","6":"product_cat-feng-shui-art","7":"product_tag-art","8":"product_tag-buddha","9":"product_tag-calmness","10":"product_tag-clare-haxby","11":"product_tag-dining-room","12":"product_tag-family","13":"product_tag-foyer","14":"product_tag-knowledge","15":"product_tag-living-room","16":"product_tag-lotus","17":"product_tag-office","18":"product_tag-peace","19":"product_tag-wisdom","21":"first","22":"instock","23":"shipping-taxable","24":"product-type-external"},"translation":{"provider":"WPGlobus","version":"3.0.0","language":"de","enabled_languages":["en","de"],"languages":{"en":{"title":true,"content":true,"excerpt":true},"de":{"title":false,"content":false,"excerpt":false}}},"yoast_head":"<!-- This site is optimized with the Yoast SEO plugin v26.4 - https:\/\/yoast.com\/wordpress\/plugins\/seo\/ -->\n<title>Emerald Lotus Buddha &#8212; Feng Shui Focus<\/title>\n<meta name=\"robots\" content=\"index, follow, max-snippet:-1, max-image-preview:large, max-video-preview:-1\" \/>\n<link rel=\"canonical\" href=\"https:\/\/fengshuifocus.com.sg\/shop\/feng-shui-art\/emerald-lotus-buddha\/\" \/>\n<meta property=\"og:locale\" content=\"de_DE\" \/>\n<meta property=\"og:type\" content=\"article\" \/>\n<meta property=\"og:title\" content=\"Emerald Lotus Buddha &#8212; Feng Shui Focus\" \/>\n<meta property=\"og:url\" content=\"https:\/\/fengshuifocus.com.sg\/shop\/feng-shui-art\/emerald-lotus-buddha\/\" \/>\n<meta property=\"og:site_name\" content=\"Feng Shui Focus\" \/>\n<meta property=\"article:publisher\" content=\"https:\/\/www.facebook.com\/Feng-Shui-Focus-176469115722739\/?hc_ref=ARQeIaM_dqGJoG1GyHcEnC9wqA9DE2VYU7MZosxhMrw4oVdQfkxNRxrsDKl-F7yxicA\" \/>\n<meta property=\"article:modified_time\" content=\"2022-06-13T05:29:01+00:00\" \/>\n<meta property=\"og:image\" content=\"https:\/\/fengshuifocus.com.sg\/wp-content\/uploads\/2020\/04\/Emerald-Lotus-Buddha.jpg\" \/>\n\t<meta property=\"og:image:width\" content=\"531\" \/>\n\t<meta property=\"og:image:height\" content=\"709\" \/>\n\t<meta property=\"og:image:type\" content=\"image\/jpeg\" \/>\n<meta name=\"twitter:card\" content=\"summary_large_image\" \/>\n<meta name=\"twitter:site\" content=\"@FengShuiFocus\" \/>\n<meta name=\"twitter:label1\" content=\"Gesch\u00e4tzte Lesezeit\" \/>\n\t<meta name=\"twitter:data1\" content=\"2\u00a0Minuten\" \/>\n<script type=\"application\/ld+json\" class=\"yoast-schema-graph\">{\"@context\":\"https:\/\/schema.org\",\"@graph\":[{\"@type\":\"WebPage\",\"@id\":\"https:\/\/fengshuifocus.com.sg\/shop\/feng-shui-art\/emerald-lotus-buddha\/\",\"url\":\"https:\/\/fengshuifocus.com.sg\/shop\/feng-shui-art\/emerald-lotus-buddha\/\",\"name\":\"Emerald Lotus Buddha &#8212; Feng Shui Focus\",\"isPartOf\":{\"@id\":\"https:\/\/fengshuifocus.com.sg\/de\/#website\"},\"primaryImageOfPage\":{\"@id\":\"https:\/\/fengshuifocus.com.sg\/shop\/feng-shui-art\/emerald-lotus-buddha\/#primaryimage\"},\"image\":{\"@id\":\"https:\/\/fengshuifocus.com.sg\/shop\/feng-shui-art\/emerald-lotus-buddha\/#primaryimage\"},\"thumbnailUrl\":\"https:\/\/fengshuifocus.com.sg\/wp-content\/uploads\/2020\/04\/Emerald-Lotus-Buddha.jpg\",\"datePublished\":\"2020-04-23T15:14:27+00:00\",\"dateModified\":\"2022-06-13T05:29:01+00:00\",\"breadcrumb\":{\"@id\":\"https:\/\/fengshuifocus.com.sg\/shop\/feng-shui-art\/emerald-lotus-buddha\/#breadcrumb\"},\"inLanguage\":\"de\",\"potentialAction\":[{\"@type\":\"ReadAction\",\"target\":[\"https:\/\/fengshuifocus.com.sg\/shop\/feng-shui-art\/emerald-lotus-buddha\/\"]}]},{\"@type\":\"ImageObject\",\"inLanguage\":\"de\",\"@id\":\"https:\/\/fengshuifocus.com.sg\/shop\/feng-shui-art\/emerald-lotus-buddha\/#primaryimage\",\"url\":\"https:\/\/fengshuifocus.com.sg\/wp-content\/uploads\/2020\/04\/Emerald-Lotus-Buddha.jpg\",\"contentUrl\":\"https:\/\/fengshuifocus.com.sg\/wp-content\/uploads\/2020\/04\/Emerald-Lotus-Buddha.jpg\",\"width\":531,\"height\":709,\"caption\":\"Emerald Lotus Buddha\"},{\"@type\":\"BreadcrumbList\",\"@id\":\"https:\/\/fengshuifocus.com.sg\/shop\/feng-shui-art\/emerald-lotus-buddha\/#breadcrumb\",\"itemListElement\":[{\"@type\":\"ListItem\",\"position\":1,\"name\":\"Home\",\"item\":\"https:\/\/fengshuifocus.com.sg\/\"},{\"@type\":\"ListItem\",\"position\":2,\"name\":\"Feng Shui Focus Online Shop\",\"item\":\"https:\/\/fengshuifocus.com.sg\/de\/shop\/\"},{\"@type\":\"ListItem\",\"position\":3,\"name\":\"Emerald Lotus Buddha\"}]},{\"@type\":\"WebSite\",\"@id\":\"https:\/\/fengshuifocus.com.sg\/de\/#website\",\"url\":\"https:\/\/fengshuifocus.com.sg\/de\/\",\"name\":\"Feng Shui Focus\",\"description\":\"Praktische L\u00f6sungen f\u00fcr das moderne Zuhause und B\u00fcro\",\"potentialAction\":[{\"@type\":\"SearchAction\",\"target\":{\"@type\":\"EntryPoint\",\"urlTemplate\":\"https:\/\/fengshuifocus.com.sg\/de\/?s={search_term_string}\"},\"query-input\":{\"@type\":\"PropertyValueSpecification\",\"valueRequired\":true,\"valueName\":\"search_term_string\"}}],\"inLanguage\":\"de\"}]}<\/script>\n<!-- \/ Yoast SEO plugin. -->","yoast_head_json":{"title":"Emerald Lotus Buddha &#8212; Feng Shui Focus","robots":{"index":"index","follow":"follow","max-snippet":"max-snippet:-1","max-image-preview":"max-image-preview:large","max-video-preview":"max-video-preview:-1"},"canonical":"https:\/\/fengshuifocus.com.sg\/shop\/feng-shui-art\/emerald-lotus-buddha\/","og_locale":"de_DE","og_type":"article","og_title":"Emerald Lotus Buddha &#8212; Feng Shui Focus","og_url":"https:\/\/fengshuifocus.com.sg\/shop\/feng-shui-art\/emerald-lotus-buddha\/","og_site_name":"Feng Shui Focus","article_publisher":"https:\/\/www.facebook.com\/Feng-Shui-Focus-176469115722739\/?hc_ref=ARQeIaM_dqGJoG1GyHcEnC9wqA9DE2VYU7MZosxhMrw4oVdQfkxNRxrsDKl-F7yxicA","article_modified_time":"2022-06-13T05:29:01+00:00","og_image":[{"width":531,"height":709,"url":"https:\/\/fengshuifocus.com.sg\/wp-content\/uploads\/2020\/04\/Emerald-Lotus-Buddha.jpg","type":"image\/jpeg"}],"twitter_card":"summary_large_image","twitter_site":"@FengShuiFocus","twitter_misc":{"Gesch\u00e4tzte Lesezeit":"2\u00a0Minuten"},"schema":{"@context":"https:\/\/schema.org","@graph":[{"@type":"WebPage","@id":"https:\/\/fengshuifocus.com.sg\/shop\/feng-shui-art\/emerald-lotus-buddha\/","url":"https:\/\/fengshuifocus.com.sg\/shop\/feng-shui-art\/emerald-lotus-buddha\/","name":"Emerald Lotus Buddha &#8212; Feng Shui Focus","isPartOf":{"@id":"https:\/\/fengshuifocus.com.sg\/de\/#website"},"primaryImageOfPage":{"@id":"https:\/\/fengshuifocus.com.sg\/shop\/feng-shui-art\/emerald-lotus-buddha\/#primaryimage"},"image":{"@id":"https:\/\/fengshuifocus.com.sg\/shop\/feng-shui-art\/emerald-lotus-buddha\/#primaryimage"},"thumbnailUrl":"https:\/\/fengshuifocus.com.sg\/wp-content\/uploads\/2020\/04\/Emerald-Lotus-Buddha.jpg","datePublished":"2020-04-23T15:14:27+00:00","dateModified":"2022-06-13T05:29:01+00:00","breadcrumb":{"@id":"https:\/\/fengshuifocus.com.sg\/shop\/feng-shui-art\/emerald-lotus-buddha\/#breadcrumb"},"inLanguage":"de","potentialAction":[{"@type":"ReadAction","target":["https:\/\/fengshuifocus.com.sg\/shop\/feng-shui-art\/emerald-lotus-buddha\/"]}]},{"@type":"ImageObject","inLanguage":"de","@id":"https:\/\/fengshuifocus.com.sg\/shop\/feng-shui-art\/emerald-lotus-buddha\/#primaryimage","url":"https:\/\/fengshuifocus.com.sg\/wp-content\/uploads\/2020\/04\/Emerald-Lotus-Buddha.jpg","contentUrl":"https:\/\/fengshuifocus.com.sg\/wp-content\/uploads\/2020\/04\/Emerald-Lotus-Buddha.jpg","width":531,"height":709,"caption":"Emerald Lotus Buddha"},{"@type":"BreadcrumbList","@id":"https:\/\/fengshuifocus.com.sg\/shop\/feng-shui-art\/emerald-lotus-buddha\/#breadcrumb","itemListElement":[{"@type":"ListItem","position":1,"name":"Home","item":"https:\/\/fengshuifocus.com.sg\/"},{"@type":"ListItem","position":2,"name":"Feng Shui Focus Online Shop","item":"https:\/\/fengshuifocus.com.sg\/de\/shop\/"},{"@type":"ListItem","position":3,"name":"Emerald Lotus Buddha"}]},{"@type":"WebSite","@id":"https:\/\/fengshuifocus.com.sg\/de\/#website","url":"https:\/\/fengshuifocus.com.sg\/de\/","name":"Feng Shui Focus","description":"Praktische L\u00f6sungen f\u00fcr das moderne Zuhause und B\u00fcro","potentialAction":[{"@type":"SearchAction","target":{"@type":"EntryPoint","urlTemplate":"https:\/\/fengshuifocus.com.sg\/de\/?s={search_term_string}"},"query-input":{"@type":"PropertyValueSpecification","valueRequired":true,"valueName":"search_term_string"}}],"inLanguage":"de"}]}},"post_mailing_queue_ids":[],"_links":{"self":[{"href":"https:\/\/fengshuifocus.com.sg\/de\/wp-json\/wp\/v2\/product\/8124","targetHints":{"allow":["GET"]}}],"collection":[{"href":"https:\/\/fengshuifocus.com.sg\/de\/wp-json\/wp\/v2\/product"}],"about":[{"href":"https:\/\/fengshuifocus.com.sg\/de\/wp-json\/wp\/v2\/types\/product"}],"wp:featuredmedia":[{"embeddable":true,"href":"https:\/\/fengshuifocus.com.sg\/de\/wp-json\/wp\/v2\/media\/8125"}],"wp:attachment":[{"href":"https:\/\/fengshuifocus.com.sg\/de\/wp-json\/wp\/v2\/media?parent=8124"}],"wp:term":[{"taxonomy":"product_brand","embeddable":true,"href":"https:\/\/fengshuifocus.com.sg\/de\/wp-json\/wp\/v2\/product_brand?post=8124"},{"taxonomy":"product_cat","embeddable":true,"href":"https:\/\/fengshuifocus.com.sg\/de\/wp-json\/wp\/v2\/product_cat?post=8124"},{"taxonomy":"product_tag","embeddable":true,"href":"https:\/\/fengshuifocus.com.sg\/de\/wp-json\/wp\/v2\/product_tag?post=8124"}],"curies":[{"name":"wp","href":"https:\/\/api.w.org\/{rel}","templated":true}]}}