{"id":8126,"date":"2020-04-23T17:21:36","date_gmt":"2020-04-23T15:21:36","guid":{"rendered":"http:\/\/fengshuifocus.com.sg\/?post_type=product&#038;p=8126"},"modified":"2022-06-13T07:26:28","modified_gmt":"2022-06-13T05:26:28","slug":"emerald-hill-shophouses","status":"publish","type":"product","link":"https:\/\/fengshuifocus.com.sg\/de\/shop\/feng-shui-art\/emerald-hill-shophouses\/","title":{"rendered":"Emerald Hill Shophouses"},"content":{"rendered":"<p>Clare Haxby describes her \u201cEmerald Hill Shophouses\u201d as follows:<\/p>\n<p>The Peranakan Shophouses of Emerald Hill are one of Singapore&#8217;s best addresses, formerly Plantation land, it was wealthy Chinese Peranakan Spice Merchants or Straits Chinese who inhabited these ornate buildings just off Orchard Road. The decorative style was also known as Chinese Baroque. Emerald Hill is flanked with Shophouses on either side and the fronts feature decorative plaster work, painted shutters and decorative Peranakan tiles. The heavy scented Frangipani &amp; Tropical Sealing Wax Palms in the gardens complete this charming look of Singapore&#8217;s heritage past.<\/p>\n<p>Artist Signed Fine Art Print &#8211; Unframed W 84cm x H 59 cm<br \/>\nGiclee Print on 310gsm German Hahnemuhle Paper<br \/>\nLimited Edition Print of 500<\/p>\n<p>&nbsp;<\/p>\n<h5>The Clare Haxby Connection:<\/h5>\n<p>I met British artist Clare Haxby when she lived in Singapore. It was one of her \u201copen house\u201d days when she would open her art studio, which was located in a beautiful colonial Black &amp; White house, to visitors. I felt an immediate connection with her art. I loved the way she portrays some of Singapore\u2019s unique landmarks in vibrant colours. Her Buddha collection and the Botanical series equally spoke to me.<\/p>\n<p>The generous use of bright colours make Clare Haxby\u2019s paintings and fine art prints ideal objects to enhance the Feng Shui of your home when you hang them in the \u201cright\u201d place.<\/p>\n<p>It was probably at my very first visit to Clare\u2019s studio when I fell in love with this \u201cEmerald Hill Shophouses\u201d print. We had recently moved into our current home and I was looking for something in green\/blue colours for our staircase as we didn\u2019t have much art then. So when I told my husband about it that evening, he placed the order straight away!<\/p>\n<p>I am delighted to introduce this print to you now on my website, as the Singapore shophouses continue to be ever so popular.<\/p>\n<p>&nbsp;<\/p>\n<h5>The Feng Shui Connection:<\/h5>\n<p>This gorgeous \u201cEmerald Hill Shophouses\u201d print is ideal for the EAST and SE areas of your home. Both these sectors belong to the wood element and benefit from plants, wooden objects\/furniture, and\/or the colour green. Knowing the elements of the various compass sectors and corresponding rooms in your home is the secret of creating harmony and good energy in your surroundings.<\/p>\n<p>When hung in the EAST \u2013 this print will boost the Health Chi of your home; something that is always important! No matter how much success or money we have, without good health we would not be able to enjoy either.<\/p>\n<p>When hung in the SE \u2013 this print will strengthen your Wealth &amp; Prosperity Luck, something we all aspire to, isn\u2019t it?<\/p>\n<p>The calming energy of this print also makes it suitable for a bedroom.<\/p>\n<span class=\"\" style=\"display:block;clear:both;height: 0px;padding-top: 20px;border-top-width:0px;border-bottom-width:0px;\"><\/span>\n<p>&nbsp;<\/p>\n","protected":false},"excerpt":{"rendered":"<p>It was probably at my very first visit to Clare Haxby\u2019s studio when I fell in love with this \u201cEmerald Hill Shophouses\u201d print and I am delighted to introduce this print to you now on my website, as the Singapore shophouses continue to be ever so popular.<\/p>\n<p>The Peranakan Shophouses of Emerald Hill are one of Singapore&#8217;s best addresses. Formerly Plantation land, it was wealthy Chinese Peranakan Spice Merchants or Straits Chinese who inhabited these ornate buildings just off Orchard Road. The decorative style was also known as Chinese Baroque.<\/p>\n<p><strong>\u00a3285.00 GBP<\/strong><\/p>\n<p><span style=\"color: #c72c00;\">Please note that the &#8222;BUY PRODUCT&#8220; button will take you directly to the Clare Haxby&#8217;s website where you can purchase the artwork.<\/span><\/p>\n","protected":false},"featured_media":8128,"template":"","meta":{"kt_blocks_editor_width":"","_monsterinsights_skip_tracking":false,"_monsterinsights_sitenote_active":false,"_monsterinsights_sitenote_note":"","_monsterinsights_sitenote_category":0},"product_brand":[],"product_cat":[374,375,66],"product_tag":[532,528,534,533,535,387,389,390,385,527,386],"class_list":{"0":"post-8126","1":"product","2":"type-product","3":"status-publish","4":"has-post-thumbnail","6":"product_cat-health","7":"product_cat-wealth","8":"product_cat-feng-shui-art","9":"product_tag-art","10":"product_tag-clare-haxby","11":"product_tag-dining-room","12":"product_tag-emerald-hill","13":"product_tag-foyer","14":"product_tag-health","15":"product_tag-living-room","16":"product_tag-office","17":"product_tag-prosperity","18":"product_tag-singapore","19":"product_tag-wealth","21":"first","22":"instock","23":"shipping-taxable","24":"product-type-external"},"translation":{"provider":"WPGlobus","version":"3.0.0","language":"de","enabled_languages":["en","de"],"languages":{"en":{"title":true,"content":true,"excerpt":true},"de":{"title":false,"content":false,"excerpt":false}}},"yoast_head":"<!-- This site is optimized with the Yoast SEO plugin v26.4 - https:\/\/yoast.com\/wordpress\/plugins\/seo\/ -->\n<title>Emerald Hill Shophouses &#8212; Feng Shui Focus<\/title>\n<meta name=\"robots\" content=\"index, follow, max-snippet:-1, max-image-preview:large, max-video-preview:-1\" \/>\n<link rel=\"canonical\" href=\"http:\/\/fengshuifocus.com.sg\/de\/shop\/feng-shui-art\/emerald-hill-shophouses\/\" \/>\n<meta property=\"og:locale\" content=\"de_DE\" \/>\n<meta property=\"og:type\" content=\"article\" \/>\n<meta property=\"og:title\" content=\"Emerald Hill Shophouses &#8212; Feng Shui Focus\" \/>\n<meta property=\"og:url\" content=\"http:\/\/fengshuifocus.com.sg\/de\/shop\/feng-shui-art\/emerald-hill-shophouses\/\" \/>\n<meta property=\"og:site_name\" content=\"Feng Shui Focus\" \/>\n<meta property=\"article:publisher\" content=\"https:\/\/www.facebook.com\/Feng-Shui-Focus-176469115722739\/?hc_ref=ARQeIaM_dqGJoG1GyHcEnC9wqA9DE2VYU7MZosxhMrw4oVdQfkxNRxrsDKl-F7yxicA\" \/>\n<meta property=\"article:modified_time\" content=\"2022-06-13T05:26:28+00:00\" \/>\n<meta property=\"og:image\" content=\"http:\/\/fengshuifocus.com.sg\/wp-content\/uploads\/2020\/04\/Emerald-Hill-Shophouses.jpg\" \/>\n\t<meta property=\"og:image:width\" content=\"709\" \/>\n\t<meta property=\"og:image:height\" content=\"561\" \/>\n\t<meta property=\"og:image:type\" content=\"image\/jpeg\" \/>\n<meta name=\"twitter:card\" content=\"summary_large_image\" \/>\n<meta name=\"twitter:site\" content=\"@FengShuiFocus\" \/>\n<meta name=\"twitter:label1\" content=\"Gesch\u00e4tzte Lesezeit\" \/>\n\t<meta name=\"twitter:data1\" content=\"2\u00a0Minuten\" \/>\n<script type=\"application\/ld+json\" class=\"yoast-schema-graph\">{\"@context\":\"https:\/\/schema.org\",\"@graph\":[{\"@type\":\"WebPage\",\"@id\":\"http:\/\/fengshuifocus.com.sg\/de\/shop\/feng-shui-art\/emerald-hill-shophouses\/\",\"url\":\"http:\/\/fengshuifocus.com.sg\/de\/shop\/feng-shui-art\/emerald-hill-shophouses\/\",\"name\":\"Emerald Hill Shophouses &#8212; Feng Shui Focus\",\"isPartOf\":{\"@id\":\"https:\/\/fengshuifocus.com.sg\/de\/#website\"},\"primaryImageOfPage\":{\"@id\":\"http:\/\/fengshuifocus.com.sg\/de\/shop\/feng-shui-art\/emerald-hill-shophouses\/#primaryimage\"},\"image\":{\"@id\":\"http:\/\/fengshuifocus.com.sg\/de\/shop\/feng-shui-art\/emerald-hill-shophouses\/#primaryimage\"},\"thumbnailUrl\":\"https:\/\/fengshuifocus.com.sg\/wp-content\/uploads\/2020\/04\/Emerald-Hill-Shophouses.jpg\",\"datePublished\":\"2020-04-23T15:21:36+00:00\",\"dateModified\":\"2022-06-13T05:26:28+00:00\",\"breadcrumb\":{\"@id\":\"http:\/\/fengshuifocus.com.sg\/de\/shop\/feng-shui-art\/emerald-hill-shophouses\/#breadcrumb\"},\"inLanguage\":\"de\",\"potentialAction\":[{\"@type\":\"ReadAction\",\"target\":[\"http:\/\/fengshuifocus.com.sg\/de\/shop\/feng-shui-art\/emerald-hill-shophouses\/\"]}]},{\"@type\":\"ImageObject\",\"inLanguage\":\"de\",\"@id\":\"http:\/\/fengshuifocus.com.sg\/de\/shop\/feng-shui-art\/emerald-hill-shophouses\/#primaryimage\",\"url\":\"https:\/\/fengshuifocus.com.sg\/wp-content\/uploads\/2020\/04\/Emerald-Hill-Shophouses.jpg\",\"contentUrl\":\"https:\/\/fengshuifocus.com.sg\/wp-content\/uploads\/2020\/04\/Emerald-Hill-Shophouses.jpg\",\"width\":709,\"height\":561,\"caption\":\"Emerald-Hill-Shophouses\"},{\"@type\":\"BreadcrumbList\",\"@id\":\"http:\/\/fengshuifocus.com.sg\/de\/shop\/feng-shui-art\/emerald-hill-shophouses\/#breadcrumb\",\"itemListElement\":[{\"@type\":\"ListItem\",\"position\":1,\"name\":\"Home\",\"item\":\"https:\/\/fengshuifocus.com.sg\/\"},{\"@type\":\"ListItem\",\"position\":2,\"name\":\"Feng Shui Focus Online Shop\",\"item\":\"https:\/\/fengshuifocus.com.sg\/de\/shop\/\"},{\"@type\":\"ListItem\",\"position\":3,\"name\":\"Emerald Hill Shophouses\"}]},{\"@type\":\"WebSite\",\"@id\":\"https:\/\/fengshuifocus.com.sg\/de\/#website\",\"url\":\"https:\/\/fengshuifocus.com.sg\/de\/\",\"name\":\"Feng Shui Focus\",\"description\":\"Praktische L\u00f6sungen f\u00fcr das moderne Zuhause und B\u00fcro\",\"potentialAction\":[{\"@type\":\"SearchAction\",\"target\":{\"@type\":\"EntryPoint\",\"urlTemplate\":\"https:\/\/fengshuifocus.com.sg\/de\/?s={search_term_string}\"},\"query-input\":{\"@type\":\"PropertyValueSpecification\",\"valueRequired\":true,\"valueName\":\"search_term_string\"}}],\"inLanguage\":\"de\"}]}<\/script>\n<!-- \/ Yoast SEO plugin. -->","yoast_head_json":{"title":"Emerald Hill Shophouses &#8212; Feng Shui Focus","robots":{"index":"index","follow":"follow","max-snippet":"max-snippet:-1","max-image-preview":"max-image-preview:large","max-video-preview":"max-video-preview:-1"},"canonical":"http:\/\/fengshuifocus.com.sg\/de\/shop\/feng-shui-art\/emerald-hill-shophouses\/","og_locale":"de_DE","og_type":"article","og_title":"Emerald Hill Shophouses &#8212; Feng Shui Focus","og_url":"http:\/\/fengshuifocus.com.sg\/de\/shop\/feng-shui-art\/emerald-hill-shophouses\/","og_site_name":"Feng Shui Focus","article_publisher":"https:\/\/www.facebook.com\/Feng-Shui-Focus-176469115722739\/?hc_ref=ARQeIaM_dqGJoG1GyHcEnC9wqA9DE2VYU7MZosxhMrw4oVdQfkxNRxrsDKl-F7yxicA","article_modified_time":"2022-06-13T05:26:28+00:00","og_image":[{"width":709,"height":561,"url":"http:\/\/fengshuifocus.com.sg\/wp-content\/uploads\/2020\/04\/Emerald-Hill-Shophouses.jpg","type":"image\/jpeg"}],"twitter_card":"summary_large_image","twitter_site":"@FengShuiFocus","twitter_misc":{"Gesch\u00e4tzte Lesezeit":"2\u00a0Minuten"},"schema":{"@context":"https:\/\/schema.org","@graph":[{"@type":"WebPage","@id":"http:\/\/fengshuifocus.com.sg\/de\/shop\/feng-shui-art\/emerald-hill-shophouses\/","url":"http:\/\/fengshuifocus.com.sg\/de\/shop\/feng-shui-art\/emerald-hill-shophouses\/","name":"Emerald Hill Shophouses &#8212; Feng Shui Focus","isPartOf":{"@id":"https:\/\/fengshuifocus.com.sg\/de\/#website"},"primaryImageOfPage":{"@id":"http:\/\/fengshuifocus.com.sg\/de\/shop\/feng-shui-art\/emerald-hill-shophouses\/#primaryimage"},"image":{"@id":"http:\/\/fengshuifocus.com.sg\/de\/shop\/feng-shui-art\/emerald-hill-shophouses\/#primaryimage"},"thumbnailUrl":"https:\/\/fengshuifocus.com.sg\/wp-content\/uploads\/2020\/04\/Emerald-Hill-Shophouses.jpg","datePublished":"2020-04-23T15:21:36+00:00","dateModified":"2022-06-13T05:26:28+00:00","breadcrumb":{"@id":"http:\/\/fengshuifocus.com.sg\/de\/shop\/feng-shui-art\/emerald-hill-shophouses\/#breadcrumb"},"inLanguage":"de","potentialAction":[{"@type":"ReadAction","target":["http:\/\/fengshuifocus.com.sg\/de\/shop\/feng-shui-art\/emerald-hill-shophouses\/"]}]},{"@type":"ImageObject","inLanguage":"de","@id":"http:\/\/fengshuifocus.com.sg\/de\/shop\/feng-shui-art\/emerald-hill-shophouses\/#primaryimage","url":"https:\/\/fengshuifocus.com.sg\/wp-content\/uploads\/2020\/04\/Emerald-Hill-Shophouses.jpg","contentUrl":"https:\/\/fengshuifocus.com.sg\/wp-content\/uploads\/2020\/04\/Emerald-Hill-Shophouses.jpg","width":709,"height":561,"caption":"Emerald-Hill-Shophouses"},{"@type":"BreadcrumbList","@id":"http:\/\/fengshuifocus.com.sg\/de\/shop\/feng-shui-art\/emerald-hill-shophouses\/#breadcrumb","itemListElement":[{"@type":"ListItem","position":1,"name":"Home","item":"https:\/\/fengshuifocus.com.sg\/"},{"@type":"ListItem","position":2,"name":"Feng Shui Focus Online Shop","item":"https:\/\/fengshuifocus.com.sg\/de\/shop\/"},{"@type":"ListItem","position":3,"name":"Emerald Hill Shophouses"}]},{"@type":"WebSite","@id":"https:\/\/fengshuifocus.com.sg\/de\/#website","url":"https:\/\/fengshuifocus.com.sg\/de\/","name":"Feng Shui Focus","description":"Praktische L\u00f6sungen f\u00fcr das moderne Zuhause und B\u00fcro","potentialAction":[{"@type":"SearchAction","target":{"@type":"EntryPoint","urlTemplate":"https:\/\/fengshuifocus.com.sg\/de\/?s={search_term_string}"},"query-input":{"@type":"PropertyValueSpecification","valueRequired":true,"valueName":"search_term_string"}}],"inLanguage":"de"}]}},"post_mailing_queue_ids":[],"_links":{"self":[{"href":"https:\/\/fengshuifocus.com.sg\/de\/wp-json\/wp\/v2\/product\/8126","targetHints":{"allow":["GET"]}}],"collection":[{"href":"https:\/\/fengshuifocus.com.sg\/de\/wp-json\/wp\/v2\/product"}],"about":[{"href":"https:\/\/fengshuifocus.com.sg\/de\/wp-json\/wp\/v2\/types\/product"}],"wp:featuredmedia":[{"embeddable":true,"href":"https:\/\/fengshuifocus.com.sg\/de\/wp-json\/wp\/v2\/media\/8128"}],"wp:attachment":[{"href":"https:\/\/fengshuifocus.com.sg\/de\/wp-json\/wp\/v2\/media?parent=8126"}],"wp:term":[{"taxonomy":"product_brand","embeddable":true,"href":"https:\/\/fengshuifocus.com.sg\/de\/wp-json\/wp\/v2\/product_brand?post=8126"},{"taxonomy":"product_cat","embeddable":true,"href":"https:\/\/fengshuifocus.com.sg\/de\/wp-json\/wp\/v2\/product_cat?post=8126"},{"taxonomy":"product_tag","embeddable":true,"href":"https:\/\/fengshuifocus.com.sg\/de\/wp-json\/wp\/v2\/product_tag?post=8126"}],"curies":[{"name":"wp","href":"https:\/\/api.w.org\/{rel}","templated":true}]}}