{"id":8183,"date":"2020-06-08T04:06:45","date_gmt":"2020-06-08T02:06:45","guid":{"rendered":"http:\/\/fengshuifocus.com.sg\/?post_type=product&#038;p=8183"},"modified":"2025-11-03T05:25:31","modified_gmt":"2025-11-03T04:25:31","slug":"black-obsidian-wu-lou","status":"publish","type":"product","link":"https:\/\/fengshuifocus.com.sg\/de\/shop\/health\/black-obsidian-wu-lou\/","title":{"rendered":"Black Obsidian Wu Lou"},"content":{"rendered":"<p>The Wu Lou has long been used in Feng Shui as a cure against illness and is very\u00a0popular in the form of a metal Wu Lou. In addition, this gourd shaped symbol has\u00a0been regarded a symbol of longevity, good health and prosperity for many centuries.<\/p>\n<p>Made of Black Obsidian stone, however, the Wu Lou will also protect against negative\u00a0energy brought by poison arrows or inauspicious directions. Black Obsidian is a very\u00a0powerful and protective stone and is believed to dissipate bad luck, repel negativity\u00a0and absorb negative chi in your surroundings. It is therefore an excellent cure to place\u00a0on your bedside table if you are sleeping in one of your unfavourable directions.<\/p>\n<p>The Black Obsidian Wu Lou is also believed to help fight stress and depression and\u00a0boost self-confidence \u2013 more reasons to keep it close on your bedside table or desk.<\/p>\n<p>Apart from protecting yourself, the Black Obsidian Wu Lou also makes a thoughtful gift\u00a0for somebody who is starting a new job or going to university, as well as somebody\u00a0whose longevity and health is important to you.<\/p>\n<span class=\"\" style=\"display:block;clear:both;height: 0px;padding-top: 20px;border-top-width:0px;border-bottom-width:0px;\"><\/span>\n<p><strong>Recommended for:<\/strong><\/p>\n<ul>\n<li>Anyone who is sleeping in an unfavourable direction.<\/li>\n<li>Anyone who is facing an unfavourable direction at their work desk.<\/li>\n<li>As a cure against poison arrows coming from the NORTH or SOUTH direction.<\/li>\n<li>Anyone who would like to protect or improve their health.<\/li>\n<\/ul>\n<span class=\"\" style=\"display:block;clear:both;height: 0px;padding-top: 20px;border-top-width:0px;border-bottom-width:0px;\"><\/span>\n<strong>Available in the following sizes:<\/strong><\/p>\n<ul>\n<li>Size S \u2013 measurements approx. H 4.9cm x W 3cm \u2013 S$28<\/li>\n<li>Size M \u2013 measurements approx. H 5.5cm x W 3.6cm \u2013 S$38<\/li>\n<li>Size L \u2013 measurements approx. H 6.4cm x W 4cm \u2013 S$48<\/li>\n<\/ul>\n<span class=\"\" style=\"display:block;clear:both;height: 0px;padding-top: 20px;border-top-width:0px;border-bottom-width:0px;\"><\/span>\n<p><strong>Please note that the colour intensity and exact size of the Black Obsidian Wu Lou may\u00a0vary as each piece is unique.<\/strong><\/p>\n<span class=\"\" style=\"display:block;clear:both;height: 0px;padding-top: 20px;border-top-width:0px;border-bottom-width:0px;\"><\/span>\n","protected":false},"excerpt":{"rendered":"<p>The Wu Lou has long been used in Feng Shui as a cure against illness and is very\u00a0popular in the form of a metal Wu Lou. In addition, this gourd shaped symbol has\u00a0been regarded a symbol of longevity, good health and prosperity for many centuries.<\/p>\n<p>Made of Black Obsidian stone, however, the Wu Lou will also protect against negative\u00a0energy brought by poison arrows or inauspicious directions. Black Obsidian is a very\u00a0powerful and protective stone and is believed to dissipate bad luck, repel negativity\u00a0and absorb negative chi in your surroundings. It is therefore an excellent cure to place\u00a0on your bedside table if you are sleeping in one of your unfavourable directions.<\/p>\n<p>The Black Obsidian Wu Lou is also believed to help fight stress and depression and\u00a0boost self-confidence \u2013 more reasons to keep it close on your bedside table or desk.<\/p>\n<p><strong>Please note that the colour intensity and exact size of the Black Obsidian Wu Lou may\u00a0vary as each piece is unique.<\/strong><\/p>\n[spacer height=\"20px\"]\n","protected":false},"featured_media":8187,"template":"","meta":{"kt_blocks_editor_width":"","_monsterinsights_skip_tracking":false,"_monsterinsights_sitenote_active":false,"_monsterinsights_sitenote_note":"","_monsterinsights_sitenote_category":0},"product_brand":[],"product_cat":[374],"product_tag":[497,531,451,387,394],"class_list":{"0":"post-8183","1":"product","2":"type-product","3":"status-publish","4":"has-post-thumbnail","6":"product_cat-health","7":"product_tag-bedroom","8":"product_tag-black-obsidian","9":"product_tag-good-health","10":"product_tag-health","11":"product_tag-wu-lou","13":"first","14":"instock","15":"shipping-taxable","16":"purchasable","17":"product-type-variable","18":"has-default-attributes"},"translation":{"provider":"WPGlobus","version":"3.0.0","language":"de","enabled_languages":["en","de"],"languages":{"en":{"title":true,"content":true,"excerpt":true},"de":{"title":false,"content":false,"excerpt":false}}},"yoast_head":"<!-- This site is optimized with the Yoast SEO plugin v26.4 - https:\/\/yoast.com\/wordpress\/plugins\/seo\/ -->\n<title>Black Obsidian Wu Lou &#8212; Feng Shui Focus<\/title>\n<meta name=\"robots\" content=\"index, follow, max-snippet:-1, max-image-preview:large, max-video-preview:-1\" \/>\n<link rel=\"canonical\" href=\"https:\/\/fengshuifocus.com.sg\/shop\/health\/black-obsidian-wu-lou\/\" \/>\n<meta property=\"og:locale\" content=\"de_DE\" \/>\n<meta property=\"og:type\" content=\"article\" \/>\n<meta property=\"og:title\" content=\"Black Obsidian Wu Lou &#8212; Feng Shui Focus\" \/>\n<meta property=\"og:url\" content=\"https:\/\/fengshuifocus.com.sg\/shop\/health\/black-obsidian-wu-lou\/\" \/>\n<meta property=\"og:site_name\" content=\"Feng Shui Focus\" \/>\n<meta property=\"article:publisher\" content=\"https:\/\/www.facebook.com\/Feng-Shui-Focus-176469115722739\/?hc_ref=ARQeIaM_dqGJoG1GyHcEnC9wqA9DE2VYU7MZosxhMrw4oVdQfkxNRxrsDKl-F7yxicA\" \/>\n<meta property=\"article:modified_time\" content=\"2025-11-03T04:25:31+00:00\" \/>\n<meta property=\"og:image\" content=\"https:\/\/fengshuifocus.com.sg\/wp-content\/uploads\/2020\/06\/Black-Obsidian-Wu-Lou-scaled.jpeg\" \/>\n\t<meta property=\"og:image:width\" content=\"2560\" \/>\n\t<meta property=\"og:image:height\" content=\"2259\" \/>\n\t<meta property=\"og:image:type\" content=\"image\/jpeg\" \/>\n<meta name=\"twitter:card\" content=\"summary_large_image\" \/>\n<meta name=\"twitter:site\" content=\"@FengShuiFocus\" \/>\n<meta name=\"twitter:label1\" content=\"Gesch\u00e4tzte Lesezeit\" \/>\n\t<meta name=\"twitter:data1\" content=\"2\u00a0Minuten\" \/>\n<script type=\"application\/ld+json\" class=\"yoast-schema-graph\">{\"@context\":\"https:\/\/schema.org\",\"@graph\":[{\"@type\":\"WebPage\",\"@id\":\"https:\/\/fengshuifocus.com.sg\/shop\/health\/black-obsidian-wu-lou\/\",\"url\":\"https:\/\/fengshuifocus.com.sg\/shop\/health\/black-obsidian-wu-lou\/\",\"name\":\"Black Obsidian Wu Lou &#8212; Feng Shui Focus\",\"isPartOf\":{\"@id\":\"https:\/\/fengshuifocus.com.sg\/de\/#website\"},\"primaryImageOfPage\":{\"@id\":\"https:\/\/fengshuifocus.com.sg\/shop\/health\/black-obsidian-wu-lou\/#primaryimage\"},\"image\":{\"@id\":\"https:\/\/fengshuifocus.com.sg\/shop\/health\/black-obsidian-wu-lou\/#primaryimage\"},\"thumbnailUrl\":\"https:\/\/fengshuifocus.com.sg\/wp-content\/uploads\/2020\/06\/Black-Obsidian-Wu-Lou-scaled.jpeg\",\"datePublished\":\"2020-06-08T02:06:45+00:00\",\"dateModified\":\"2025-11-03T04:25:31+00:00\",\"breadcrumb\":{\"@id\":\"https:\/\/fengshuifocus.com.sg\/shop\/health\/black-obsidian-wu-lou\/#breadcrumb\"},\"inLanguage\":\"de\",\"potentialAction\":[{\"@type\":\"ReadAction\",\"target\":[\"https:\/\/fengshuifocus.com.sg\/shop\/health\/black-obsidian-wu-lou\/\"]}]},{\"@type\":\"ImageObject\",\"inLanguage\":\"de\",\"@id\":\"https:\/\/fengshuifocus.com.sg\/shop\/health\/black-obsidian-wu-lou\/#primaryimage\",\"url\":\"https:\/\/fengshuifocus.com.sg\/wp-content\/uploads\/2020\/06\/Black-Obsidian-Wu-Lou-scaled.jpeg\",\"contentUrl\":\"https:\/\/fengshuifocus.com.sg\/wp-content\/uploads\/2020\/06\/Black-Obsidian-Wu-Lou-scaled.jpeg\",\"width\":2560,\"height\":2259},{\"@type\":\"BreadcrumbList\",\"@id\":\"https:\/\/fengshuifocus.com.sg\/shop\/health\/black-obsidian-wu-lou\/#breadcrumb\",\"itemListElement\":[{\"@type\":\"ListItem\",\"position\":1,\"name\":\"Home\",\"item\":\"https:\/\/fengshuifocus.com.sg\/\"},{\"@type\":\"ListItem\",\"position\":2,\"name\":\"Feng Shui Focus Online Shop\",\"item\":\"https:\/\/fengshuifocus.com.sg\/de\/shop\/\"},{\"@type\":\"ListItem\",\"position\":3,\"name\":\"Black Obsidian Wu Lou\"}]},{\"@type\":\"WebSite\",\"@id\":\"https:\/\/fengshuifocus.com.sg\/de\/#website\",\"url\":\"https:\/\/fengshuifocus.com.sg\/de\/\",\"name\":\"Feng Shui Focus\",\"description\":\"Praktische L\u00f6sungen f\u00fcr das moderne Zuhause und B\u00fcro\",\"potentialAction\":[{\"@type\":\"SearchAction\",\"target\":{\"@type\":\"EntryPoint\",\"urlTemplate\":\"https:\/\/fengshuifocus.com.sg\/de\/?s={search_term_string}\"},\"query-input\":{\"@type\":\"PropertyValueSpecification\",\"valueRequired\":true,\"valueName\":\"search_term_string\"}}],\"inLanguage\":\"de\"}]}<\/script>\n<!-- \/ Yoast SEO plugin. -->","yoast_head_json":{"title":"Black Obsidian Wu Lou &#8212; Feng Shui Focus","robots":{"index":"index","follow":"follow","max-snippet":"max-snippet:-1","max-image-preview":"max-image-preview:large","max-video-preview":"max-video-preview:-1"},"canonical":"https:\/\/fengshuifocus.com.sg\/shop\/health\/black-obsidian-wu-lou\/","og_locale":"de_DE","og_type":"article","og_title":"Black Obsidian Wu Lou &#8212; Feng Shui Focus","og_url":"https:\/\/fengshuifocus.com.sg\/shop\/health\/black-obsidian-wu-lou\/","og_site_name":"Feng Shui Focus","article_publisher":"https:\/\/www.facebook.com\/Feng-Shui-Focus-176469115722739\/?hc_ref=ARQeIaM_dqGJoG1GyHcEnC9wqA9DE2VYU7MZosxhMrw4oVdQfkxNRxrsDKl-F7yxicA","article_modified_time":"2025-11-03T04:25:31+00:00","og_image":[{"width":2560,"height":2259,"url":"https:\/\/fengshuifocus.com.sg\/wp-content\/uploads\/2020\/06\/Black-Obsidian-Wu-Lou-scaled.jpeg","type":"image\/jpeg"}],"twitter_card":"summary_large_image","twitter_site":"@FengShuiFocus","twitter_misc":{"Gesch\u00e4tzte Lesezeit":"2\u00a0Minuten"},"schema":{"@context":"https:\/\/schema.org","@graph":[{"@type":"WebPage","@id":"https:\/\/fengshuifocus.com.sg\/shop\/health\/black-obsidian-wu-lou\/","url":"https:\/\/fengshuifocus.com.sg\/shop\/health\/black-obsidian-wu-lou\/","name":"Black Obsidian Wu Lou &#8212; Feng Shui Focus","isPartOf":{"@id":"https:\/\/fengshuifocus.com.sg\/de\/#website"},"primaryImageOfPage":{"@id":"https:\/\/fengshuifocus.com.sg\/shop\/health\/black-obsidian-wu-lou\/#primaryimage"},"image":{"@id":"https:\/\/fengshuifocus.com.sg\/shop\/health\/black-obsidian-wu-lou\/#primaryimage"},"thumbnailUrl":"https:\/\/fengshuifocus.com.sg\/wp-content\/uploads\/2020\/06\/Black-Obsidian-Wu-Lou-scaled.jpeg","datePublished":"2020-06-08T02:06:45+00:00","dateModified":"2025-11-03T04:25:31+00:00","breadcrumb":{"@id":"https:\/\/fengshuifocus.com.sg\/shop\/health\/black-obsidian-wu-lou\/#breadcrumb"},"inLanguage":"de","potentialAction":[{"@type":"ReadAction","target":["https:\/\/fengshuifocus.com.sg\/shop\/health\/black-obsidian-wu-lou\/"]}]},{"@type":"ImageObject","inLanguage":"de","@id":"https:\/\/fengshuifocus.com.sg\/shop\/health\/black-obsidian-wu-lou\/#primaryimage","url":"https:\/\/fengshuifocus.com.sg\/wp-content\/uploads\/2020\/06\/Black-Obsidian-Wu-Lou-scaled.jpeg","contentUrl":"https:\/\/fengshuifocus.com.sg\/wp-content\/uploads\/2020\/06\/Black-Obsidian-Wu-Lou-scaled.jpeg","width":2560,"height":2259},{"@type":"BreadcrumbList","@id":"https:\/\/fengshuifocus.com.sg\/shop\/health\/black-obsidian-wu-lou\/#breadcrumb","itemListElement":[{"@type":"ListItem","position":1,"name":"Home","item":"https:\/\/fengshuifocus.com.sg\/"},{"@type":"ListItem","position":2,"name":"Feng Shui Focus Online Shop","item":"https:\/\/fengshuifocus.com.sg\/de\/shop\/"},{"@type":"ListItem","position":3,"name":"Black Obsidian Wu Lou"}]},{"@type":"WebSite","@id":"https:\/\/fengshuifocus.com.sg\/de\/#website","url":"https:\/\/fengshuifocus.com.sg\/de\/","name":"Feng Shui Focus","description":"Praktische L\u00f6sungen f\u00fcr das moderne Zuhause und B\u00fcro","potentialAction":[{"@type":"SearchAction","target":{"@type":"EntryPoint","urlTemplate":"https:\/\/fengshuifocus.com.sg\/de\/?s={search_term_string}"},"query-input":{"@type":"PropertyValueSpecification","valueRequired":true,"valueName":"search_term_string"}}],"inLanguage":"de"}]}},"post_mailing_queue_ids":[],"_links":{"self":[{"href":"https:\/\/fengshuifocus.com.sg\/de\/wp-json\/wp\/v2\/product\/8183","targetHints":{"allow":["GET"]}}],"collection":[{"href":"https:\/\/fengshuifocus.com.sg\/de\/wp-json\/wp\/v2\/product"}],"about":[{"href":"https:\/\/fengshuifocus.com.sg\/de\/wp-json\/wp\/v2\/types\/product"}],"wp:featuredmedia":[{"embeddable":true,"href":"https:\/\/fengshuifocus.com.sg\/de\/wp-json\/wp\/v2\/media\/8187"}],"wp:attachment":[{"href":"https:\/\/fengshuifocus.com.sg\/de\/wp-json\/wp\/v2\/media?parent=8183"}],"wp:term":[{"taxonomy":"product_brand","embeddable":true,"href":"https:\/\/fengshuifocus.com.sg\/de\/wp-json\/wp\/v2\/product_brand?post=8183"},{"taxonomy":"product_cat","embeddable":true,"href":"https:\/\/fengshuifocus.com.sg\/de\/wp-json\/wp\/v2\/product_cat?post=8183"},{"taxonomy":"product_tag","embeddable":true,"href":"https:\/\/fengshuifocus.com.sg\/de\/wp-json\/wp\/v2\/product_tag?post=8183"}],"curies":[{"name":"wp","href":"https:\/\/api.w.org\/{rel}","templated":true}]}}