{"id":8203,"date":"2020-06-16T16:08:26","date_gmt":"2020-06-16T14:08:26","guid":{"rendered":"http:\/\/fengshuifocus.com.sg\/?post_type=product&#038;p=8203"},"modified":"2024-02-28T22:50:21","modified_gmt":"2024-02-28T21:50:21","slug":"chinatown-singapore","status":"publish","type":"product","link":"https:\/\/fengshuifocus.com.sg\/de\/shop\/feng-shui-art\/chinatown-singapore\/","title":{"rendered":"Chinatown Singapore"},"content":{"rendered":"<p>This is an extract from Clare Haxby\u2019s own description:<\/p>\n<p>Chinatown is one of the most vibrant neighbourhoods to visit in the Little Red Dot, a riot of colour is everywhere, from the buildings to the cakes, trinkets and beautiful lanterns on sale in the shops and night markets.<\/p>\n<p>The most prominent building in Chinatown is of course The Buddha Tooth Relic Temple, a Buddhist temple and museum complex built in the Tang Dynasty architectural style, which houses a molar of Gautama Buddha. There is also an impressive giant prayer wheel at the roof terrace where you can send your wishes out into the universe.<\/p>\n<p>Signed limited edition art print.<\/p>\n<p>Signed by the artist and printed on German Hahnemuhle 350 gsm Cotton Rag Etching paper.<\/p>\n<p>Size: W 65.5cm x H 59.4cm<\/p>\n<span class=\"\" style=\"display:block;clear:both;height: 0px;padding-top: 20px;border-top-width:0px;border-bottom-width:0px;\"><\/span>\n<h5>The Clare Haxby Connection:<\/h5>\n<p>I met British artist Clare Haxby when she lived in Singapore. It was one of her \u201copen house\u201d days when she would open her art studio, which was located in a beautiful colonial Black &amp; White house, to visitors. I felt an immediate connection with her art. I loved the way she portrays some of Singapore\u2019s unique landmarks in vibrant colours. Her Buddha collection and the Botanical series equally spoke to me.<\/p>\n<p>The generous use of bright colours make Clare Haxby\u2019s paintings and fine art prints ideal objects to enhance the Feng Shui of your home when you hang them in the \u201cright\u201d place.<\/p>\n<p>It gives me great pleasure to feature a small selection of Clare\u2019s pieces of art in my website shop and I would like to explain how you can use them to enhance the auspicious energy in your home.<\/p>\n<span class=\"\" style=\"display:block;clear:both;height: 0px;padding-top: 20px;border-top-width:0px;border-bottom-width:0px;\"><\/span>\n<h5>The Feng Shui Connection:<\/h5>\n<p>I first saw this painting on Clare\u2019s social media and immediately loved it. I loved the vibrant shades of Red and all the bits and pieces <span style=\"font-weight: 300;\">characteristic of Singapore\u2019s Chinatown, including the famous dragon dance, which Clare so skillfully blended together<\/span>.<\/p>\n<p>This print will certainly attract attention in your home, and it can be an extremely powerful Feng Shui tool. It exudes strong fire energy as the bright hues of red are the main colour. At the same time, there is precious yang energy thanks to the dancing Dragon.<\/p>\n<p><span style=\"font-weight: 300;\"><strong>In 2024, this is an ideal piece of art to hang in the CENTRE area of your home<\/strong> (but not in a bedroom), as fire energy is needed here to subdue the quarrelsome No 3 Star and help keep the peace at home. <\/span><\/p>\n<span class=\"\" style=\"display:block;clear:both;height: 0px;padding-top: 20px;border-top-width:0px;border-bottom-width:0px;\"><\/span>\n","protected":false},"excerpt":{"rendered":"<p>I first saw this painting on Clare\u2019s social media and immediately loved it. I loved the vibrant shades of Red and all the bits and pieces <span style=\"font-weight: 300;\">characteristic of Singapore\u2019s Chinatown, including the famous dragon dance, which Clare so skillfully blended together<\/span>.<\/p>\n<p>Chinatown is one of the most vibrant neighbourhoods to visit in the Little Red Dot, a riot of colour is everywhere, from the buildings to the cakes, trinkets and beautiful lanterns on sale in the shops and night markets.<\/p>\n<p>This print will certainly attract attention in your home!<\/p>\n<p><strong>\u00a3285.00 GBP<\/strong><\/p>\n<p><span style=\"color: #ff0000;\">Please note that the \u201cBUY PRODUCT\u201d button will take you straight to Clare Haxby\u2019s website where you can purchase the artwork.<\/span><\/p>\n[spacer height=\"20px\"]\n","protected":false},"featured_media":8204,"template":"","meta":{"kt_blocks_editor_width":"","_monsterinsights_skip_tracking":false,"_monsterinsights_sitenote_active":false,"_monsterinsights_sitenote_note":"","_monsterinsights_sitenote_category":0},"product_brand":[],"product_cat":[66],"product_tag":[431,443,529,526,528,382,496,530,389,390,512,527],"class_list":{"0":"post-8203","1":"product","2":"type-product","3":"status-publish","4":"has-post-thumbnail","6":"product_cat-feng-shui-art","7":"product_tag-affliction","8":"product_tag-aggression","9":"product_tag-calmness","10":"product_tag-chinatown","11":"product_tag-clare-haxby","12":"product_tag-dragon","13":"product_tag-family","14":"product_tag-lawsuit","15":"product_tag-living-room","16":"product_tag-office","17":"product_tag-peace","18":"product_tag-singapore","20":"first","21":"instock","22":"shipping-taxable","23":"product-type-external"},"translation":{"provider":"WPGlobus","version":"3.0.0","language":"de","enabled_languages":["en","de"],"languages":{"en":{"title":true,"content":true,"excerpt":true},"de":{"title":false,"content":false,"excerpt":false}}},"yoast_head":"<!-- This site is optimized with the Yoast SEO plugin v26.4 - https:\/\/yoast.com\/wordpress\/plugins\/seo\/ -->\n<title>Chinatown Singapore &#8212; Feng Shui Focus<\/title>\n<meta name=\"robots\" content=\"index, follow, max-snippet:-1, max-image-preview:large, max-video-preview:-1\" \/>\n<link rel=\"canonical\" href=\"https:\/\/fengshuifocus.com.sg\/shop\/feng-shui-art\/chinatown-singapore\/\" \/>\n<meta property=\"og:locale\" content=\"de_DE\" \/>\n<meta property=\"og:type\" content=\"article\" \/>\n<meta property=\"og:title\" content=\"Chinatown Singapore\" \/>\n<meta property=\"og:description\" content=\"I first saw this painting on Clare\u2019s social media and immediately loved it. I loved the vibrant shades of Red and all the bits and pieces characteristic of Singapore\u2019s Chinatown, which Clare so skillfully blended together.\" \/>\n<meta property=\"og:url\" content=\"https:\/\/fengshuifocus.com.sg\/shop\/feng-shui-art\/chinatown-singapore\/\" \/>\n<meta property=\"og:site_name\" content=\"Feng Shui Focus\" \/>\n<meta property=\"article:publisher\" content=\"https:\/\/www.facebook.com\/Feng-Shui-Focus-176469115722739\/?hc_ref=ARQeIaM_dqGJoG1GyHcEnC9wqA9DE2VYU7MZosxhMrw4oVdQfkxNRxrsDKl-F7yxicA\" \/>\n<meta property=\"article:modified_time\" content=\"2024-02-28T21:50:21+00:00\" \/>\n<meta property=\"og:image\" content=\"https:\/\/fengshuifocus.com.sg\/wp-content\/uploads\/2020\/06\/Chinatown-Singapore-WEB.jpg\" \/>\n\t<meta property=\"og:image:width\" content=\"454\" \/>\n\t<meta property=\"og:image:height\" content=\"397\" \/>\n\t<meta property=\"og:image:type\" content=\"image\/jpeg\" \/>\n<meta name=\"twitter:card\" content=\"summary_large_image\" \/>\n<meta name=\"twitter:site\" content=\"@FengShuiFocus\" \/>\n<meta name=\"twitter:label1\" content=\"Gesch\u00e4tzte Lesezeit\" \/>\n\t<meta name=\"twitter:data1\" content=\"2\u00a0Minuten\" \/>\n<script type=\"application\/ld+json\" class=\"yoast-schema-graph\">{\"@context\":\"https:\/\/schema.org\",\"@graph\":[{\"@type\":\"WebPage\",\"@id\":\"https:\/\/fengshuifocus.com.sg\/shop\/feng-shui-art\/chinatown-singapore\/\",\"url\":\"https:\/\/fengshuifocus.com.sg\/shop\/feng-shui-art\/chinatown-singapore\/\",\"name\":\"Chinatown Singapore &#8212; Feng Shui Focus\",\"isPartOf\":{\"@id\":\"https:\/\/fengshuifocus.com.sg\/de\/#website\"},\"primaryImageOfPage\":{\"@id\":\"https:\/\/fengshuifocus.com.sg\/shop\/feng-shui-art\/chinatown-singapore\/#primaryimage\"},\"image\":{\"@id\":\"https:\/\/fengshuifocus.com.sg\/shop\/feng-shui-art\/chinatown-singapore\/#primaryimage\"},\"thumbnailUrl\":\"https:\/\/fengshuifocus.com.sg\/wp-content\/uploads\/2020\/06\/Chinatown-Singapore-WEB.jpg\",\"datePublished\":\"2020-06-16T14:08:26+00:00\",\"dateModified\":\"2024-02-28T21:50:21+00:00\",\"description\":\"I first saw this painting on Clare\u2019s social media and immediately loved it. I loved the vibrant shades of Red and all the bits and pieces characteristic...\",\"breadcrumb\":{\"@id\":\"https:\/\/fengshuifocus.com.sg\/shop\/feng-shui-art\/chinatown-singapore\/#breadcrumb\"},\"inLanguage\":\"de\",\"potentialAction\":[{\"@type\":\"ReadAction\",\"target\":[\"https:\/\/fengshuifocus.com.sg\/shop\/feng-shui-art\/chinatown-singapore\/\"]}]},{\"@type\":\"ImageObject\",\"inLanguage\":\"de\",\"@id\":\"https:\/\/fengshuifocus.com.sg\/shop\/feng-shui-art\/chinatown-singapore\/#primaryimage\",\"url\":\"https:\/\/fengshuifocus.com.sg\/wp-content\/uploads\/2020\/06\/Chinatown-Singapore-WEB.jpg\",\"contentUrl\":\"https:\/\/fengshuifocus.com.sg\/wp-content\/uploads\/2020\/06\/Chinatown-Singapore-WEB.jpg\",\"width\":454,\"height\":397,\"caption\":\"Chinatown Singapore by Clare Haxby\"},{\"@type\":\"BreadcrumbList\",\"@id\":\"https:\/\/fengshuifocus.com.sg\/shop\/feng-shui-art\/chinatown-singapore\/#breadcrumb\",\"itemListElement\":[{\"@type\":\"ListItem\",\"position\":1,\"name\":\"Home\",\"item\":\"https:\/\/fengshuifocus.com.sg\/\"},{\"@type\":\"ListItem\",\"position\":2,\"name\":\"Feng Shui Focus Online Shop\",\"item\":\"https:\/\/fengshuifocus.com.sg\/de\/shop\/\"},{\"@type\":\"ListItem\",\"position\":3,\"name\":\"Chinatown Singapore\"}]},{\"@type\":\"WebSite\",\"@id\":\"https:\/\/fengshuifocus.com.sg\/de\/#website\",\"url\":\"https:\/\/fengshuifocus.com.sg\/de\/\",\"name\":\"Feng Shui Focus\",\"description\":\"Praktische L\u00f6sungen f\u00fcr das moderne Zuhause und B\u00fcro\",\"potentialAction\":[{\"@type\":\"SearchAction\",\"target\":{\"@type\":\"EntryPoint\",\"urlTemplate\":\"https:\/\/fengshuifocus.com.sg\/de\/?s={search_term_string}\"},\"query-input\":{\"@type\":\"PropertyValueSpecification\",\"valueRequired\":true,\"valueName\":\"search_term_string\"}}],\"inLanguage\":\"de\"}]}<\/script>\n<!-- \/ Yoast SEO plugin. -->","yoast_head_json":{"title":"Chinatown Singapore &#8212; Feng Shui Focus","robots":{"index":"index","follow":"follow","max-snippet":"max-snippet:-1","max-image-preview":"max-image-preview:large","max-video-preview":"max-video-preview:-1"},"canonical":"https:\/\/fengshuifocus.com.sg\/shop\/feng-shui-art\/chinatown-singapore\/","og_locale":"de_DE","og_type":"article","og_title":"Chinatown Singapore","og_description":"I first saw this painting on Clare\u2019s social media and immediately loved it. I loved the vibrant shades of Red and all the bits and pieces characteristic of Singapore\u2019s Chinatown, which Clare so skillfully blended together.","og_url":"https:\/\/fengshuifocus.com.sg\/shop\/feng-shui-art\/chinatown-singapore\/","og_site_name":"Feng Shui Focus","article_publisher":"https:\/\/www.facebook.com\/Feng-Shui-Focus-176469115722739\/?hc_ref=ARQeIaM_dqGJoG1GyHcEnC9wqA9DE2VYU7MZosxhMrw4oVdQfkxNRxrsDKl-F7yxicA","article_modified_time":"2024-02-28T21:50:21+00:00","og_image":[{"width":454,"height":397,"url":"https:\/\/fengshuifocus.com.sg\/wp-content\/uploads\/2020\/06\/Chinatown-Singapore-WEB.jpg","type":"image\/jpeg"}],"twitter_card":"summary_large_image","twitter_site":"@FengShuiFocus","twitter_misc":{"Gesch\u00e4tzte Lesezeit":"2\u00a0Minuten"},"schema":{"@context":"https:\/\/schema.org","@graph":[{"@type":"WebPage","@id":"https:\/\/fengshuifocus.com.sg\/shop\/feng-shui-art\/chinatown-singapore\/","url":"https:\/\/fengshuifocus.com.sg\/shop\/feng-shui-art\/chinatown-singapore\/","name":"Chinatown Singapore &#8212; Feng Shui Focus","isPartOf":{"@id":"https:\/\/fengshuifocus.com.sg\/de\/#website"},"primaryImageOfPage":{"@id":"https:\/\/fengshuifocus.com.sg\/shop\/feng-shui-art\/chinatown-singapore\/#primaryimage"},"image":{"@id":"https:\/\/fengshuifocus.com.sg\/shop\/feng-shui-art\/chinatown-singapore\/#primaryimage"},"thumbnailUrl":"https:\/\/fengshuifocus.com.sg\/wp-content\/uploads\/2020\/06\/Chinatown-Singapore-WEB.jpg","datePublished":"2020-06-16T14:08:26+00:00","dateModified":"2024-02-28T21:50:21+00:00","description":"I first saw this painting on Clare\u2019s social media and immediately loved it. I loved the vibrant shades of Red and all the bits and pieces characteristic...","breadcrumb":{"@id":"https:\/\/fengshuifocus.com.sg\/shop\/feng-shui-art\/chinatown-singapore\/#breadcrumb"},"inLanguage":"de","potentialAction":[{"@type":"ReadAction","target":["https:\/\/fengshuifocus.com.sg\/shop\/feng-shui-art\/chinatown-singapore\/"]}]},{"@type":"ImageObject","inLanguage":"de","@id":"https:\/\/fengshuifocus.com.sg\/shop\/feng-shui-art\/chinatown-singapore\/#primaryimage","url":"https:\/\/fengshuifocus.com.sg\/wp-content\/uploads\/2020\/06\/Chinatown-Singapore-WEB.jpg","contentUrl":"https:\/\/fengshuifocus.com.sg\/wp-content\/uploads\/2020\/06\/Chinatown-Singapore-WEB.jpg","width":454,"height":397,"caption":"Chinatown Singapore by Clare Haxby"},{"@type":"BreadcrumbList","@id":"https:\/\/fengshuifocus.com.sg\/shop\/feng-shui-art\/chinatown-singapore\/#breadcrumb","itemListElement":[{"@type":"ListItem","position":1,"name":"Home","item":"https:\/\/fengshuifocus.com.sg\/"},{"@type":"ListItem","position":2,"name":"Feng Shui Focus Online Shop","item":"https:\/\/fengshuifocus.com.sg\/de\/shop\/"},{"@type":"ListItem","position":3,"name":"Chinatown Singapore"}]},{"@type":"WebSite","@id":"https:\/\/fengshuifocus.com.sg\/de\/#website","url":"https:\/\/fengshuifocus.com.sg\/de\/","name":"Feng Shui Focus","description":"Praktische L\u00f6sungen f\u00fcr das moderne Zuhause und B\u00fcro","potentialAction":[{"@type":"SearchAction","target":{"@type":"EntryPoint","urlTemplate":"https:\/\/fengshuifocus.com.sg\/de\/?s={search_term_string}"},"query-input":{"@type":"PropertyValueSpecification","valueRequired":true,"valueName":"search_term_string"}}],"inLanguage":"de"}]}},"post_mailing_queue_ids":[],"_links":{"self":[{"href":"https:\/\/fengshuifocus.com.sg\/de\/wp-json\/wp\/v2\/product\/8203","targetHints":{"allow":["GET"]}}],"collection":[{"href":"https:\/\/fengshuifocus.com.sg\/de\/wp-json\/wp\/v2\/product"}],"about":[{"href":"https:\/\/fengshuifocus.com.sg\/de\/wp-json\/wp\/v2\/types\/product"}],"wp:featuredmedia":[{"embeddable":true,"href":"https:\/\/fengshuifocus.com.sg\/de\/wp-json\/wp\/v2\/media\/8204"}],"wp:attachment":[{"href":"https:\/\/fengshuifocus.com.sg\/de\/wp-json\/wp\/v2\/media?parent=8203"}],"wp:term":[{"taxonomy":"product_brand","embeddable":true,"href":"https:\/\/fengshuifocus.com.sg\/de\/wp-json\/wp\/v2\/product_brand?post=8203"},{"taxonomy":"product_cat","embeddable":true,"href":"https:\/\/fengshuifocus.com.sg\/de\/wp-json\/wp\/v2\/product_cat?post=8203"},{"taxonomy":"product_tag","embeddable":true,"href":"https:\/\/fengshuifocus.com.sg\/de\/wp-json\/wp\/v2\/product_tag?post=8203"}],"curies":[{"name":"wp","href":"https:\/\/api.w.org\/{rel}","templated":true}]}}