{"id":9610,"date":"2021-07-26T07:52:53","date_gmt":"2021-07-26T05:52:53","guid":{"rendered":"https:\/\/fengshuifocus.com.sg\/?post_type=product&#038;p=9610"},"modified":"2022-05-30T08:37:23","modified_gmt":"2022-05-30T06:37:23","slug":"acrylic-mirror-round","status":"publish","type":"product","link":"https:\/\/fengshuifocus.com.sg\/de\/shop\/protection\/acrylic-mirror-round\/","title":{"rendered":"Acrylic Mirror (round)"},"content":{"rendered":"<p>A round mirror is an effective cure for unfavourable bathroom or kitchen locations.<\/p>\n<p>You can use this acrylic mirror in the following situations:<\/p>\n<ul>\n<li>For bathrooms in the SE (Wealth &amp;Prosperity) or EAST (Health) sectors of your home: attach to the ceiling directly above the toilet with the mirror side down to counter the downward spiralling energy of the toilet flush.<\/li>\n<li>For kitchen below a bathroom: attach the mirror to the ceiling above the stove, mirror side up, to push back the negative bathroom energy. (In this case you will need to use your own adhesive.)<\/li>\n<li>For bedrooms above the kitchen: if the bed is placed above the stove or oven, place the mirror underneath the bed, mirror side down, to deflect the heat below<\/li>\n<\/ul>\n<p>These acrylic mirrors are self-adhesive and therefore very easy to use.<\/p>\n<span class=\"\" style=\"display:block;clear:both;height: 0px;padding-top: 20px;border-top-width:0px;border-bottom-width:0px;\"><\/span>\n<p>Measurements:\u00a0 Diameter 15cm (6\u201d), Thickness 2mm.<\/p>\n<span class=\"\" style=\"display:block;clear:both;height: 0px;padding-top: 20px;border-top-width:0px;border-bottom-width:0px;\"><\/span>\n<p>Please note that the mirror needs to be attached to a CLEAN surface. There is a protective film covering the mirror which needs to be removed after fitting.<\/p>\n<span class=\"\" style=\"display:block;clear:both;height: 0px;padding-top: 20px;border-top-width:0px;border-bottom-width:0px;\"><\/span>\n","protected":false},"excerpt":{"rendered":"<p>A round mirror is an effective cure for unfavourable bathroom or kitchen locations.<\/p>\n<p>You can use this acrylic mirror in the following situations:<\/p>\n<ul>\n<li>For bathrooms in the SE (Wealth &amp;Prosperity) or EAST (Health) sectors of your home: attach to the ceiling directly above the toilet with the mirror side down to counter the downward spiralling energy of the toilet flush.<\/li>\n<li>For kitchen below a bathroom: attach the mirror to the ceiling above the stove, mirror side up, to push back the negative bathroom energy. (In this case you will need to use your own adhesive.)<\/li>\n<li>For bedrooms above the kitchen: if the bed is placed above the stove or oven, place the mirror underneath the bed, mirror side down, to deflect the heat below<\/li>\n<\/ul>\n[spacer height=\"20px\"]\n","protected":false},"featured_media":9600,"template":"","meta":{"kt_blocks_editor_width":"","_monsterinsights_skip_tracking":false,"_monsterinsights_sitenote_active":false,"_monsterinsights_sitenote_note":"","_monsterinsights_sitenote_category":0},"product_brand":[],"product_cat":[378,377],"product_tag":[500,497,501,499,503,502],"class_list":{"0":"post-9610","1":"product","2":"type-product","3":"status-publish","4":"has-post-thumbnail","6":"product_cat-feng-shui-home","7":"product_cat-protection","8":"product_tag-bathroom","9":"product_tag-bedroom","10":"product_tag-kitchen","11":"product_tag-mirror","12":"product_tag-protection","13":"product_tag-stove","15":"first","16":"instock","17":"shipping-taxable","18":"purchasable","19":"product-type-simple"},"translation":{"provider":"WPGlobus","version":"3.0.0","language":"de","enabled_languages":["en","de"],"languages":{"en":{"title":true,"content":true,"excerpt":true},"de":{"title":false,"content":false,"excerpt":false}}},"yoast_head":"<!-- This site is optimized with the Yoast SEO plugin v26.4 - https:\/\/yoast.com\/wordpress\/plugins\/seo\/ -->\n<title>Acrylic Mirror (round) &#8212; Feng Shui Focus<\/title>\n<meta name=\"robots\" content=\"index, follow, max-snippet:-1, max-image-preview:large, max-video-preview:-1\" \/>\n<link rel=\"canonical\" href=\"https:\/\/fengshuifocus.com.sg\/de\/shop\/protection\/acrylic-mirror-round\/\" \/>\n<meta property=\"og:locale\" content=\"de_DE\" \/>\n<meta property=\"og:type\" content=\"article\" \/>\n<meta property=\"og:title\" content=\"Acrylic Mirror (round) &#8212; Feng Shui Focus\" \/>\n<meta property=\"og:url\" content=\"https:\/\/fengshuifocus.com.sg\/de\/shop\/protection\/acrylic-mirror-round\/\" \/>\n<meta property=\"og:site_name\" content=\"Feng Shui Focus\" \/>\n<meta property=\"article:publisher\" content=\"https:\/\/www.facebook.com\/Feng-Shui-Focus-176469115722739\/?hc_ref=ARQeIaM_dqGJoG1GyHcEnC9wqA9DE2VYU7MZosxhMrw4oVdQfkxNRxrsDKl-F7yxicA\" \/>\n<meta property=\"article:modified_time\" content=\"2022-05-30T06:37:23+00:00\" \/>\n<meta property=\"og:image\" content=\"https:\/\/fengshuifocus.com.sg\/wp-content\/uploads\/2021\/07\/Acrylic-Mirror.jpg\" \/>\n\t<meta property=\"og:image:width\" content=\"709\" \/>\n\t<meta property=\"og:image:height\" content=\"709\" \/>\n\t<meta property=\"og:image:type\" content=\"image\/jpeg\" \/>\n<meta name=\"twitter:card\" content=\"summary_large_image\" \/>\n<meta name=\"twitter:site\" content=\"@FengShuiFocus\" \/>\n<meta name=\"twitter:label1\" content=\"Gesch\u00e4tzte Lesezeit\" \/>\n\t<meta name=\"twitter:data1\" content=\"1\u00a0Minute\" \/>\n<script type=\"application\/ld+json\" class=\"yoast-schema-graph\">{\"@context\":\"https:\/\/schema.org\",\"@graph\":[{\"@type\":\"WebPage\",\"@id\":\"https:\/\/fengshuifocus.com.sg\/de\/shop\/protection\/acrylic-mirror-round\/\",\"url\":\"https:\/\/fengshuifocus.com.sg\/de\/shop\/protection\/acrylic-mirror-round\/\",\"name\":\"Acrylic Mirror (round) &#8212; Feng Shui Focus\",\"isPartOf\":{\"@id\":\"https:\/\/fengshuifocus.com.sg\/de\/#website\"},\"primaryImageOfPage\":{\"@id\":\"https:\/\/fengshuifocus.com.sg\/de\/shop\/protection\/acrylic-mirror-round\/#primaryimage\"},\"image\":{\"@id\":\"https:\/\/fengshuifocus.com.sg\/de\/shop\/protection\/acrylic-mirror-round\/#primaryimage\"},\"thumbnailUrl\":\"https:\/\/fengshuifocus.com.sg\/wp-content\/uploads\/2021\/07\/Acrylic-Mirror.jpg\",\"datePublished\":\"2021-07-26T05:52:53+00:00\",\"dateModified\":\"2022-05-30T06:37:23+00:00\",\"breadcrumb\":{\"@id\":\"https:\/\/fengshuifocus.com.sg\/de\/shop\/protection\/acrylic-mirror-round\/#breadcrumb\"},\"inLanguage\":\"de\",\"potentialAction\":[{\"@type\":\"ReadAction\",\"target\":[\"https:\/\/fengshuifocus.com.sg\/de\/shop\/protection\/acrylic-mirror-round\/\"]}]},{\"@type\":\"ImageObject\",\"inLanguage\":\"de\",\"@id\":\"https:\/\/fengshuifocus.com.sg\/de\/shop\/protection\/acrylic-mirror-round\/#primaryimage\",\"url\":\"https:\/\/fengshuifocus.com.sg\/wp-content\/uploads\/2021\/07\/Acrylic-Mirror.jpg\",\"contentUrl\":\"https:\/\/fengshuifocus.com.sg\/wp-content\/uploads\/2021\/07\/Acrylic-Mirror.jpg\",\"width\":709,\"height\":709,\"caption\":\"Acrylic Mirror (round)\"},{\"@type\":\"BreadcrumbList\",\"@id\":\"https:\/\/fengshuifocus.com.sg\/de\/shop\/protection\/acrylic-mirror-round\/#breadcrumb\",\"itemListElement\":[{\"@type\":\"ListItem\",\"position\":1,\"name\":\"Home\",\"item\":\"https:\/\/fengshuifocus.com.sg\/\"},{\"@type\":\"ListItem\",\"position\":2,\"name\":\"Feng Shui Focus Online Shop\",\"item\":\"https:\/\/fengshuifocus.com.sg\/de\/shop\/\"},{\"@type\":\"ListItem\",\"position\":3,\"name\":\"Acrylic Mirror (round)\"}]},{\"@type\":\"WebSite\",\"@id\":\"https:\/\/fengshuifocus.com.sg\/de\/#website\",\"url\":\"https:\/\/fengshuifocus.com.sg\/de\/\",\"name\":\"Feng Shui Focus\",\"description\":\"Praktische L\u00f6sungen f\u00fcr das moderne Zuhause und B\u00fcro\",\"potentialAction\":[{\"@type\":\"SearchAction\",\"target\":{\"@type\":\"EntryPoint\",\"urlTemplate\":\"https:\/\/fengshuifocus.com.sg\/de\/?s={search_term_string}\"},\"query-input\":{\"@type\":\"PropertyValueSpecification\",\"valueRequired\":true,\"valueName\":\"search_term_string\"}}],\"inLanguage\":\"de\"}]}<\/script>\n<!-- \/ Yoast SEO plugin. -->","yoast_head_json":{"title":"Acrylic Mirror (round) &#8212; Feng Shui Focus","robots":{"index":"index","follow":"follow","max-snippet":"max-snippet:-1","max-image-preview":"max-image-preview:large","max-video-preview":"max-video-preview:-1"},"canonical":"https:\/\/fengshuifocus.com.sg\/de\/shop\/protection\/acrylic-mirror-round\/","og_locale":"de_DE","og_type":"article","og_title":"Acrylic Mirror (round) &#8212; Feng Shui Focus","og_url":"https:\/\/fengshuifocus.com.sg\/de\/shop\/protection\/acrylic-mirror-round\/","og_site_name":"Feng Shui Focus","article_publisher":"https:\/\/www.facebook.com\/Feng-Shui-Focus-176469115722739\/?hc_ref=ARQeIaM_dqGJoG1GyHcEnC9wqA9DE2VYU7MZosxhMrw4oVdQfkxNRxrsDKl-F7yxicA","article_modified_time":"2022-05-30T06:37:23+00:00","og_image":[{"width":709,"height":709,"url":"https:\/\/fengshuifocus.com.sg\/wp-content\/uploads\/2021\/07\/Acrylic-Mirror.jpg","type":"image\/jpeg"}],"twitter_card":"summary_large_image","twitter_site":"@FengShuiFocus","twitter_misc":{"Gesch\u00e4tzte Lesezeit":"1\u00a0Minute"},"schema":{"@context":"https:\/\/schema.org","@graph":[{"@type":"WebPage","@id":"https:\/\/fengshuifocus.com.sg\/de\/shop\/protection\/acrylic-mirror-round\/","url":"https:\/\/fengshuifocus.com.sg\/de\/shop\/protection\/acrylic-mirror-round\/","name":"Acrylic Mirror (round) &#8212; Feng Shui Focus","isPartOf":{"@id":"https:\/\/fengshuifocus.com.sg\/de\/#website"},"primaryImageOfPage":{"@id":"https:\/\/fengshuifocus.com.sg\/de\/shop\/protection\/acrylic-mirror-round\/#primaryimage"},"image":{"@id":"https:\/\/fengshuifocus.com.sg\/de\/shop\/protection\/acrylic-mirror-round\/#primaryimage"},"thumbnailUrl":"https:\/\/fengshuifocus.com.sg\/wp-content\/uploads\/2021\/07\/Acrylic-Mirror.jpg","datePublished":"2021-07-26T05:52:53+00:00","dateModified":"2022-05-30T06:37:23+00:00","breadcrumb":{"@id":"https:\/\/fengshuifocus.com.sg\/de\/shop\/protection\/acrylic-mirror-round\/#breadcrumb"},"inLanguage":"de","potentialAction":[{"@type":"ReadAction","target":["https:\/\/fengshuifocus.com.sg\/de\/shop\/protection\/acrylic-mirror-round\/"]}]},{"@type":"ImageObject","inLanguage":"de","@id":"https:\/\/fengshuifocus.com.sg\/de\/shop\/protection\/acrylic-mirror-round\/#primaryimage","url":"https:\/\/fengshuifocus.com.sg\/wp-content\/uploads\/2021\/07\/Acrylic-Mirror.jpg","contentUrl":"https:\/\/fengshuifocus.com.sg\/wp-content\/uploads\/2021\/07\/Acrylic-Mirror.jpg","width":709,"height":709,"caption":"Acrylic Mirror (round)"},{"@type":"BreadcrumbList","@id":"https:\/\/fengshuifocus.com.sg\/de\/shop\/protection\/acrylic-mirror-round\/#breadcrumb","itemListElement":[{"@type":"ListItem","position":1,"name":"Home","item":"https:\/\/fengshuifocus.com.sg\/"},{"@type":"ListItem","position":2,"name":"Feng Shui Focus Online Shop","item":"https:\/\/fengshuifocus.com.sg\/de\/shop\/"},{"@type":"ListItem","position":3,"name":"Acrylic Mirror (round)"}]},{"@type":"WebSite","@id":"https:\/\/fengshuifocus.com.sg\/de\/#website","url":"https:\/\/fengshuifocus.com.sg\/de\/","name":"Feng Shui Focus","description":"Praktische L\u00f6sungen f\u00fcr das moderne Zuhause und B\u00fcro","potentialAction":[{"@type":"SearchAction","target":{"@type":"EntryPoint","urlTemplate":"https:\/\/fengshuifocus.com.sg\/de\/?s={search_term_string}"},"query-input":{"@type":"PropertyValueSpecification","valueRequired":true,"valueName":"search_term_string"}}],"inLanguage":"de"}]}},"post_mailing_queue_ids":[],"_links":{"self":[{"href":"https:\/\/fengshuifocus.com.sg\/de\/wp-json\/wp\/v2\/product\/9610","targetHints":{"allow":["GET"]}}],"collection":[{"href":"https:\/\/fengshuifocus.com.sg\/de\/wp-json\/wp\/v2\/product"}],"about":[{"href":"https:\/\/fengshuifocus.com.sg\/de\/wp-json\/wp\/v2\/types\/product"}],"wp:featuredmedia":[{"embeddable":true,"href":"https:\/\/fengshuifocus.com.sg\/de\/wp-json\/wp\/v2\/media\/9600"}],"wp:attachment":[{"href":"https:\/\/fengshuifocus.com.sg\/de\/wp-json\/wp\/v2\/media?parent=9610"}],"wp:term":[{"taxonomy":"product_brand","embeddable":true,"href":"https:\/\/fengshuifocus.com.sg\/de\/wp-json\/wp\/v2\/product_brand?post=9610"},{"taxonomy":"product_cat","embeddable":true,"href":"https:\/\/fengshuifocus.com.sg\/de\/wp-json\/wp\/v2\/product_cat?post=9610"},{"taxonomy":"product_tag","embeddable":true,"href":"https:\/\/fengshuifocus.com.sg\/de\/wp-json\/wp\/v2\/product_tag?post=9610"}],"curies":[{"name":"wp","href":"https:\/\/api.w.org\/{rel}","templated":true}]}}